{"id":12005,"date":"2022-02-03T08:53:00","date_gmt":"2022-02-03T08:53:00","guid":{"rendered":"http:\/\/oldstcroixcom.kinsta.cloud\/cookie-declaration\/"},"modified":"2024-08-21T09:33:02","modified_gmt":"2024-08-21T08:33:02","slug":"cookie-declaration","status":"publish","type":"page","link":"https:\/\/oldstcroix.com\/da\/cookie-declaration\/","title":{"rendered":"Cookie declaration"},"content":{"rendered":"\t\t<div data-elementor-type=\"wp-page\" data-elementor-id=\"12005\" class=\"elementor elementor-12005 elementor-6655\" data-elementor-settings=\"{&quot;ha_cmc_init_switcher&quot;:&quot;no&quot;}\" data-elementor-post-type=\"page\">\n\t\t\t\t\t\t<section class=\"elementor-section elementor-top-section elementor-element elementor-element-d6e0636 elementor-section-height-min-height elementor-section-items-bottom elementor-section-boxed elementor-section-height-default\" data-id=\"d6e0636\" data-element_type=\"section\" data-e-type=\"section\" data-settings=\"{&quot;background_background&quot;:&quot;classic&quot;,&quot;_ha_eqh_enable&quot;:false}\">\n\t\t\t\t\t\t\t<div class=\"elementor-background-overlay\"><\/div>\n\t\t\t\t\t\t\t<div class=\"elementor-container elementor-column-gap-default\">\n\t\t\t\t\t<div class=\"elementor-column elementor-col-50 elementor-top-column elementor-element elementor-element-d80ad12\" data-id=\"d80ad12\" data-element_type=\"column\" data-e-type=\"column\">\n\t\t\t<div class=\"elementor-widget-wrap elementor-element-populated\">\n\t\t\t\t\t\t<div class=\"elementor-element elementor-element-7818e0e elementor-invisible elementor-widget elementor-widget-heading\" data-id=\"7818e0e\" data-element_type=\"widget\" data-e-type=\"widget\" data-settings=\"{&quot;_animation&quot;:&quot;fadeInUp&quot;}\" data-widget_type=\"heading.default\">\n\t\t\t\t<div class=\"elementor-widget-container\">\n\t\t\t\t\t<h2 class=\"elementor-heading-title elementor-size-default\">Cookie deklaration<\/h2>\t\t\t\t<\/div>\n\t\t\t\t<\/div>\n\t\t\t\t<div class=\"elementor-element elementor-element-c428c6c animated-fast elementor-invisible elementor-widget elementor-widget-text-editor\" data-id=\"c428c6c\" data-element_type=\"widget\" data-e-type=\"widget\" data-settings=\"{&quot;_animation&quot;:&quot;fadeInUp&quot;,&quot;_animation_delay&quot;:1000}\" data-widget_type=\"text-editor.default\">\n\t\t\t\t<div class=\"elementor-widget-container\">\n\t\t\t\t\t\t\t\t\t<p>Den perfekte brugeroplevelse<\/p>\n\t\t\t\t\t\t\t\t<\/div>\n\t\t\t\t<\/div>\n\t\t\t\t<div class=\"elementor-element elementor-element-3c0c510 elementor-widget-mobile__width-inherit elementor-absolute elementor-hidden-desktop elementor-hidden-tablet elementor-widget elementor-widget-image\" data-id=\"3c0c510\" data-element_type=\"widget\" data-e-type=\"widget\" data-settings=\"{&quot;_position&quot;:&quot;absolute&quot;}\" data-widget_type=\"image.default\">\n\t\t\t\t<div class=\"elementor-widget-container\">\n\t\t\t\t\t\t\t\t\t\t\t\t\t\t\t<img decoding=\"async\" width=\"50\" height=\"50\" src=\"https:\/\/oldstcroix.com\/wp-content\/uploads\/2021\/12\/mobible_down.png\" class=\"attachment-large size-large wp-image-4994\" alt=\"mobible down\" \/>\t\t\t\t\t\t\t\t\t\t\t\t\t\t\t<\/div>\n\t\t\t\t<\/div>\n\t\t\t\t\t<\/div>\n\t\t<\/div>\n\t\t\t\t<div class=\"elementor-column elementor-col-50 elementor-top-column elementor-element elementor-element-a6275ab\" data-id=\"a6275ab\" data-element_type=\"column\" data-e-type=\"column\">\n\t\t\t<div class=\"elementor-widget-wrap\">\n\t\t\t\t\t\t\t<\/div>\n\t\t<\/div>\n\t\t\t\t\t<\/div>\n\t\t<\/section>\n\t\t\t\t<section class=\"elementor-section elementor-top-section elementor-element elementor-element-e238d7f elementor-section-boxed elementor-section-height-default elementor-section-height-default\" data-id=\"e238d7f\" data-element_type=\"section\" data-e-type=\"section\" data-settings=\"{&quot;background_background&quot;:&quot;classic&quot;,&quot;_ha_eqh_enable&quot;:false}\">\n\t\t\t\t\t\t\t<div class=\"elementor-background-overlay\"><\/div>\n\t\t\t\t\t\t\t<div class=\"elementor-container elementor-column-gap-default\">\n\t\t\t\t\t<div class=\"elementor-column elementor-col-100 elementor-top-column elementor-element elementor-element-ee3ba80\" data-id=\"ee3ba80\" data-element_type=\"column\" data-e-type=\"column\">\n\t\t\t<div class=\"elementor-widget-wrap elementor-element-populated\">\n\t\t\t\t\t\t<div class=\"elementor-element elementor-element-b904d96 elementor-widget elementor-widget-text-editor\" data-id=\"b904d96\" data-element_type=\"widget\" data-e-type=\"widget\" data-widget_type=\"text-editor.default\">\n\t\t\t\t<div class=\"elementor-widget-container\">\n\t\t\t\t\t\t\t\t\t<p>Denne side er vedligeholdt af CookieBot<\/p>\n\t\t\t\t\t\t\t\t<\/div>\n\t\t\t\t<\/div>\n\t\t\t\t<div class=\"elementor-element elementor-element-7ff6dfb elementor-widget elementor-widget-heading\" data-id=\"7ff6dfb\" data-element_type=\"widget\" data-e-type=\"widget\" data-widget_type=\"heading.default\">\n\t\t\t\t<div class=\"elementor-widget-container\">\n\t\t\t\t\t<h2 class=\"elementor-heading-title elementor-size-default\"><br>Om vores cookies<\/h2>\t\t\t\t<\/div>\n\t\t\t\t<\/div>\n\t\t\t\t\t<\/div>\n\t\t<\/div>\n\t\t\t\t\t<\/div>\n\t\t<\/section>\n\t\t\t\t<section class=\"elementor-section elementor-top-section elementor-element elementor-element-7741a1d elementor-section-boxed elementor-section-height-default elementor-section-height-default\" data-id=\"7741a1d\" data-element_type=\"section\" data-e-type=\"section\" data-settings=\"{&quot;background_background&quot;:&quot;classic&quot;,&quot;_ha_eqh_enable&quot;:false}\">\n\t\t\t\t\t\t\t<div class=\"elementor-background-overlay\"><\/div>\n\t\t\t\t\t\t\t<div class=\"elementor-container elementor-column-gap-default\">\n\t\t\t\t\t<div class=\"elementor-column elementor-col-100 elementor-top-column elementor-element elementor-element-fb43bac\" data-id=\"fb43bac\" data-element_type=\"column\" data-e-type=\"column\">\n\t\t\t<div class=\"elementor-widget-wrap elementor-element-populated\">\n\t\t\t\t\t\t<div class=\"elementor-element elementor-element-cc70f88 elementor-widget elementor-widget-html\" data-id=\"cc70f88\" data-element_type=\"widget\" data-e-type=\"widget\" data-widget_type=\"html.default\">\n\t\t\t\t<div class=\"elementor-widget-container\">\n\t\t\t\t\t<script id=\"CookieDeclaration\" src=\"https:\/\/consent.cookiebot.com\/eb74c408-3bba-48e2-bead-7b2250a90f05\/cd.js\" type=\"text\/javascript\" async><\/script>\t\t\t\t<\/div>\n\t\t\t\t<\/div>\n\t\t\t\t\t<\/div>\n\t\t<\/div>\n\t\t\t\t\t<\/div>\n\t\t<\/section>\n\t\t\t\t<section class=\"elementor-section elementor-top-section elementor-element elementor-element-701a22a blog_pos-width elementor-section-boxed elementor-section-height-default elementor-section-height-default\" data-id=\"701a22a\" data-element_type=\"section\" data-e-type=\"section\" data-settings=\"{&quot;background_background&quot;:&quot;classic&quot;,&quot;_ha_eqh_enable&quot;:false}\">\n\t\t\t\t\t\t<div class=\"elementor-container elementor-column-gap-default\">\n\t\t\t\t\t<div class=\"elementor-column elementor-col-100 elementor-top-column elementor-element elementor-element-abdb23b\" data-id=\"abdb23b\" data-element_type=\"column\" data-e-type=\"column\">\n\t\t\t<div class=\"elementor-widget-wrap elementor-element-populated\">\n\t\t\t\t\t\t<div class=\"elementor-element elementor-element-a121ccf elementor-widget elementor-widget-shortcode\" data-id=\"a121ccf\" data-element_type=\"widget\" data-e-type=\"widget\" data-widget_type=\"shortcode.default\">\n\t\t\t\t<div class=\"elementor-widget-container\">\n\t\t\t\t\t\t\t<div class=\"elementor-shortcode\">\t\t<div class=\"main-dv\">\n\t\t\t\t\t\t\t<div class=\"ct_first_post\">\n\t\t\t\t\t\t\t<div class=\"blog-left\">\n\t\t\t\t\t\t\t\t<a href=\"https:\/\/oldstcroix.com\/da\/article\/xo-quiz-tid-trae-og-sjaelen-i-glasset\/\">\n\t\t\t\t\t\t\t\t\t<div class=\"blog-content\" style=\"background-image:url('https:\/\/oldstcroix.com\/wp-content\/uploads\/2026\/04\/KlosterQuizTop_Desktop.jpg')\">\n\t\t\t\t\t\t\t\t\t\t<p class=\"blog-cat-name\">Quiz<\/p>\n\t\t\t\t\t\t\t\t\t\t<h1>Quiz: XO &#8211; Tid, tr\u00e6 og sj\u00e6len i glasset<\/h1>\n\t\t\t\t\t\t\t\t\t\t<p class=\"blog-excerpt\">\n\t\t\t\t\t\t\t\t\t\tHvor meget ved du om XO Serien? Test din viden omkring \"XO\" og muligheden for at vinde en flaske Old St. Croix XO Legacy Reserve.<\/p>\n\t\t\t\t\t\t\t\t\t<\/div>\n\t\t\t\t\t\t\t\t<\/a>\n\t\t\t\t\t\t\t<\/div>\t\n\t\t\t\t\t\t<\/div>\n\t\t\t\t\t\t\t\t\t\t\n\t\t\t\t\t\t\t\t\t\t\t\t<div class=\"ct_second_post\">\n\t\t\t\t\t\t\t\n\t\t\t\t\t\t<div class=\"blog-right\">\n\t\t\t\t\t\t\t\t<a href=\"https:\/\/oldstcroix.com\/da\/article\/kom-i-paaskestemning-med-old-st-croix\/\">\n\t\t\t\t\t\t\t\t\t<div class=\"blog-content\" style=\"background-image:url('https:\/\/oldstcroix.com\/wp-content\/uploads\/2025\/04\/paaske2026_top_desktop.jpg')\">\n\t\t\t\t\t\t\t\t\t\t<p class=\"blog-cat-name\">Produkter<\/p>\n\t\t\t\t\t\t\t\t\t\t<h1>Kom i P\u00e5skestemning med Old St. Croix<\/h1>\n\t\t\t\t\t\t\t\t\t\t<p class=\"blog-excerpt\">\n\t\t\t\t\t\t\t\t\t\tP\u00e5sken st\u00e5r for d\u00f8ren, og det er tid til at nyde for\u00e5ret med familie og venner!<\/p>\n\t\t\t\t\t\t\t\t\t<\/div>\n\t\t\t\t\t\t\t\t<\/a>\n\t\t\t\t\t\t<\/div>\n\t\t\t\t\t\t\n\t\t\t\t\t\t<div class=\"blog-right\">\n\t\t\t\t\t\t\t\t<a href=\"https:\/\/oldstcroix.com\/da\/article\/smag-copenhagen-medal-i-butikken\/\">\n\t\t\t\t\t\t\t\t\t<div class=\"blog-content\" style=\"background-image:url('https:\/\/oldstcroix.com\/wp-content\/uploads\/2022\/01\/XO_CPHmedal.jpg')\">\n\t\t\t\t\t\t\t\t\t\t<p class=\"blog-cat-name\">Produkter<\/p>\n\t\t\t\t\t\t\t\t\t\t<h1>Smag Copenhagen Medal i butikken<\/h1>\n\t\t\t\t\t\t\t\t\t\t<p class=\"blog-excerpt\">\n\t\t\t\t\t\t\t\t\t\tNetop nu byder en r\u00e6kke af vores forhandlere p\u00e5 smagspr\u00f8ver af Old St. Croix Copenhagen Medal.<\/p>\n\t\t\t\t\t\t\t\t\t<\/div>\n\t\t\t\t\t\t\t\t<\/a>\n\t\t\t\t\t\t<\/div>\n\t\t\t\t\t\t\t\t\t\t\t\t<\/div>\n\t\t\t\t\t\t\t\n\t<\/div>\n\t<\/div>\n\t\t\t\t\t\t<\/div>\n\t\t\t\t<\/div>\n\t\t\t\t\t<\/div>\n\t\t<\/div>\n\t\t\t\t\t<\/div>\n\t\t<\/section>\n\t\t\t\t<\/div>\n\t\t","protected":false},"excerpt":{"rendered":"<p>Cookie deklaration Den perfekte brugeroplevelse Denne side er vedligeholdt af CookieBot Om vores cookies<\/p>\n","protected":false},"author":1,"featured_media":0,"parent":0,"menu_order":50,"comment_status":"closed","ping_status":"closed","template":"","meta":{"_acf_changed":false,"footnotes":""},"class_list":["post-12005","page","type-page","status-publish","hentry"],"acf":[],"yoast_head":"<!-- This site is optimized with the Yoast SEO plugin v27.2 - https:\/\/yoast.com\/product\/yoast-seo-wordpress\/ -->\n<title>Cookieerkl\u00e6ring - A.H. Riises gennemsigtighed i brug af data<\/title>\n<meta name=\"description\" content=\"A.H. Riises cookieerkl\u00e6ring detaljerer brugen af cookies p\u00e5 vores hjemmeside og hvordan vi bruger dem til at forbedre din oplevelse.\" \/>\n<meta name=\"robots\" content=\"index, follow, max-snippet:-1, max-image-preview:large, max-video-preview:-1\" \/>\n<link rel=\"canonical\" href=\"https:\/\/oldstcroix.com\/cookie-declaration\/\" \/>\n<meta property=\"og:locale\" content=\"da_DK\" \/>\n<meta property=\"og:type\" content=\"article\" \/>\n<meta property=\"og:title\" content=\"Cookieerkl\u00e6ring - A.H. Riises gennemsigtighed i brug af data\" \/>\n<meta property=\"og:description\" content=\"A.H. Riises cookieerkl\u00e6ring detaljerer brugen af cookies p\u00e5 vores hjemmeside og hvordan vi bruger dem til at forbedre din oplevelse.\" \/>\n<meta property=\"og:url\" content=\"https:\/\/oldstcroix.com\/cookie-declaration\/\" \/>\n<meta property=\"og:site_name\" content=\"Old St. Croix\" \/>\n<meta property=\"article:modified_time\" content=\"2024-08-21T08:33:02+00:00\" \/>\n<meta property=\"og:image\" content=\"https:\/\/oldstcroix.com\/wp-content\/uploads\/2021\/12\/mobible_down.png\" \/>\n<meta name=\"twitter:card\" content=\"summary_large_image\" \/>\n<meta name=\"twitter:label1\" content=\"Estimeret l\u00e6setid\" \/>\n\t<meta name=\"twitter:data1\" content=\"1 minut\" \/>\n<script type=\"application\/ld+json\" class=\"yoast-schema-graph\">{\"@context\":\"https:\/\/schema.org\",\"@graph\":[{\"@type\":\"WebPage\",\"@id\":\"https:\/\/oldstcroix.com\/cookie-declaration\/\",\"url\":\"https:\/\/oldstcroix.com\/cookie-declaration\/\",\"name\":\"Cookieerkl\u00e6ring - A.H. Riises gennemsigtighed i brug af data\",\"isPartOf\":{\"@id\":\"https:\/\/oldstcroix.com\/#website\"},\"primaryImageOfPage\":{\"@id\":\"https:\/\/oldstcroix.com\/cookie-declaration\/#primaryimage\"},\"image\":{\"@id\":\"https:\/\/oldstcroix.com\/cookie-declaration\/#primaryimage\"},\"thumbnailUrl\":\"https:\/\/oldstcroix.com\/wp-content\/uploads\/2021\/12\/mobible_down.png\",\"datePublished\":\"2022-02-03T08:53:00+00:00\",\"dateModified\":\"2024-08-21T08:33:02+00:00\",\"description\":\"A.H. Riises cookieerkl\u00e6ring detaljerer brugen af cookies p\u00e5 vores hjemmeside og hvordan vi bruger dem til at forbedre din oplevelse.\",\"breadcrumb\":{\"@id\":\"https:\/\/oldstcroix.com\/cookie-declaration\/#breadcrumb\"},\"inLanguage\":\"da-DK\",\"potentialAction\":[{\"@type\":\"ReadAction\",\"target\":[\"https:\/\/oldstcroix.com\/cookie-declaration\/\"]}]},{\"@type\":\"ImageObject\",\"inLanguage\":\"da-DK\",\"@id\":\"https:\/\/oldstcroix.com\/cookie-declaration\/#primaryimage\",\"url\":\"https:\/\/oldstcroix.com\/wp-content\/uploads\/2021\/12\/mobible_down.png\",\"contentUrl\":\"https:\/\/oldstcroix.com\/wp-content\/uploads\/2021\/12\/mobible_down.png\"},{\"@type\":\"BreadcrumbList\",\"@id\":\"https:\/\/oldstcroix.com\/cookie-declaration\/#breadcrumb\",\"itemListElement\":[{\"@type\":\"ListItem\",\"position\":1,\"name\":\"Home\",\"item\":\"https:\/\/oldstcroix.com\/\"},{\"@type\":\"ListItem\",\"position\":2,\"name\":\"Cookie declaration\"}]},{\"@type\":\"WebSite\",\"@id\":\"https:\/\/oldstcroix.com\/#website\",\"url\":\"https:\/\/oldstcroix.com\/\",\"name\":\"Old St. Croix\",\"description\":\"History distilled\",\"publisher\":{\"@id\":\"https:\/\/oldstcroix.com\/#organization\"},\"potentialAction\":[{\"@type\":\"SearchAction\",\"target\":{\"@type\":\"EntryPoint\",\"urlTemplate\":\"https:\/\/oldstcroix.com\/?s={search_term_string}\"},\"query-input\":{\"@type\":\"PropertyValueSpecification\",\"valueRequired\":true,\"valueName\":\"search_term_string\"}}],\"inLanguage\":\"da-DK\"},{\"@type\":\"Organization\",\"@id\":\"https:\/\/oldstcroix.com\/#organization\",\"name\":\"Old St. Croix\",\"url\":\"https:\/\/oldstcroix.com\/\",\"logo\":{\"@type\":\"ImageObject\",\"inLanguage\":\"da-DK\",\"@id\":\"https:\/\/oldstcroix.com\/#\/schema\/logo\/image\/\",\"url\":\"https:\/\/oldstcroix.com\/wp-content\/uploads\/2025\/06\/cropped-LOGO-1.png\",\"contentUrl\":\"https:\/\/oldstcroix.com\/wp-content\/uploads\/2025\/06\/cropped-LOGO-1.png\",\"width\":251,\"height\":112,\"caption\":\"Old St. Croix\"},\"image\":{\"@id\":\"https:\/\/oldstcroix.com\/#\/schema\/logo\/image\/\"}}]}<\/script>\n<!-- \/ Yoast SEO plugin. -->","yoast_head_json":{"title":"Cookieerkl\u00e6ring - A.H. Riises gennemsigtighed i brug af data","description":"A.H. Riises cookieerkl\u00e6ring detaljerer brugen af cookies p\u00e5 vores hjemmeside og hvordan vi bruger dem til at forbedre din oplevelse.","robots":{"index":"index","follow":"follow","max-snippet":"max-snippet:-1","max-image-preview":"max-image-preview:large","max-video-preview":"max-video-preview:-1"},"canonical":"https:\/\/oldstcroix.com\/cookie-declaration\/","og_locale":"da_DK","og_type":"article","og_title":"Cookieerkl\u00e6ring - A.H. Riises gennemsigtighed i brug af data","og_description":"A.H. Riises cookieerkl\u00e6ring detaljerer brugen af cookies p\u00e5 vores hjemmeside og hvordan vi bruger dem til at forbedre din oplevelse.","og_url":"https:\/\/oldstcroix.com\/cookie-declaration\/","og_site_name":"Old St. Croix","article_modified_time":"2024-08-21T08:33:02+00:00","og_image":[{"url":"https:\/\/oldstcroix.com\/wp-content\/uploads\/2021\/12\/mobible_down.png","type":"","width":"","height":""}],"twitter_card":"summary_large_image","twitter_misc":{"Estimeret l\u00e6setid":"1 minut"},"schema":{"@context":"https:\/\/schema.org","@graph":[{"@type":"WebPage","@id":"https:\/\/oldstcroix.com\/cookie-declaration\/","url":"https:\/\/oldstcroix.com\/cookie-declaration\/","name":"Cookieerkl\u00e6ring - A.H. Riises gennemsigtighed i brug af data","isPartOf":{"@id":"https:\/\/oldstcroix.com\/#website"},"primaryImageOfPage":{"@id":"https:\/\/oldstcroix.com\/cookie-declaration\/#primaryimage"},"image":{"@id":"https:\/\/oldstcroix.com\/cookie-declaration\/#primaryimage"},"thumbnailUrl":"https:\/\/oldstcroix.com\/wp-content\/uploads\/2021\/12\/mobible_down.png","datePublished":"2022-02-03T08:53:00+00:00","dateModified":"2024-08-21T08:33:02+00:00","description":"A.H. Riises cookieerkl\u00e6ring detaljerer brugen af cookies p\u00e5 vores hjemmeside og hvordan vi bruger dem til at forbedre din oplevelse.","breadcrumb":{"@id":"https:\/\/oldstcroix.com\/cookie-declaration\/#breadcrumb"},"inLanguage":"da-DK","potentialAction":[{"@type":"ReadAction","target":["https:\/\/oldstcroix.com\/cookie-declaration\/"]}]},{"@type":"ImageObject","inLanguage":"da-DK","@id":"https:\/\/oldstcroix.com\/cookie-declaration\/#primaryimage","url":"https:\/\/oldstcroix.com\/wp-content\/uploads\/2021\/12\/mobible_down.png","contentUrl":"https:\/\/oldstcroix.com\/wp-content\/uploads\/2021\/12\/mobible_down.png"},{"@type":"BreadcrumbList","@id":"https:\/\/oldstcroix.com\/cookie-declaration\/#breadcrumb","itemListElement":[{"@type":"ListItem","position":1,"name":"Home","item":"https:\/\/oldstcroix.com\/"},{"@type":"ListItem","position":2,"name":"Cookie declaration"}]},{"@type":"WebSite","@id":"https:\/\/oldstcroix.com\/#website","url":"https:\/\/oldstcroix.com\/","name":"Old St. Croix","description":"History distilled","publisher":{"@id":"https:\/\/oldstcroix.com\/#organization"},"potentialAction":[{"@type":"SearchAction","target":{"@type":"EntryPoint","urlTemplate":"https:\/\/oldstcroix.com\/?s={search_term_string}"},"query-input":{"@type":"PropertyValueSpecification","valueRequired":true,"valueName":"search_term_string"}}],"inLanguage":"da-DK"},{"@type":"Organization","@id":"https:\/\/oldstcroix.com\/#organization","name":"Old St. Croix","url":"https:\/\/oldstcroix.com\/","logo":{"@type":"ImageObject","inLanguage":"da-DK","@id":"https:\/\/oldstcroix.com\/#\/schema\/logo\/image\/","url":"https:\/\/oldstcroix.com\/wp-content\/uploads\/2025\/06\/cropped-LOGO-1.png","contentUrl":"https:\/\/oldstcroix.com\/wp-content\/uploads\/2025\/06\/cropped-LOGO-1.png","width":251,"height":112,"caption":"Old St. Croix"},"image":{"@id":"https:\/\/oldstcroix.com\/#\/schema\/logo\/image\/"}}]}},"_links":{"self":[{"href":"https:\/\/oldstcroix.com\/da\/wp-json\/wp\/v2\/pages\/12005","targetHints":{"allow":["GET"]}}],"collection":[{"href":"https:\/\/oldstcroix.com\/da\/wp-json\/wp\/v2\/pages"}],"about":[{"href":"https:\/\/oldstcroix.com\/da\/wp-json\/wp\/v2\/types\/page"}],"author":[{"embeddable":true,"href":"https:\/\/oldstcroix.com\/da\/wp-json\/wp\/v2\/users\/1"}],"replies":[{"embeddable":true,"href":"https:\/\/oldstcroix.com\/da\/wp-json\/wp\/v2\/comments?post=12005"}],"version-history":[{"count":0,"href":"https:\/\/oldstcroix.com\/da\/wp-json\/wp\/v2\/pages\/12005\/revisions"}],"wp:attachment":[{"href":"https:\/\/oldstcroix.com\/da\/wp-json\/wp\/v2\/media?parent=12005"}],"curies":[{"name":"wp","href":"https:\/\/api.w.org\/{rel}","templated":true}]}}