{"id":12042,"date":"2022-02-03T09:33:47","date_gmt":"2022-02-03T09:33:47","guid":{"rendered":"http:\/\/oldstcroixcom.kinsta.cloud\/find-a-reseller\/"},"modified":"2024-12-20T04:35:37","modified_gmt":"2024-12-20T03:35:37","slug":"find-a-reseller","status":"publish","type":"page","link":"https:\/\/oldstcroix.com\/da\/find-a-reseller\/","title":{"rendered":"Find a Reseller DA"},"content":{"rendered":"\t\t<div data-elementor-type=\"wp-page\" data-elementor-id=\"12042\" class=\"elementor elementor-12042 elementor-1044\" data-elementor-settings=\"{&quot;ha_cmc_init_switcher&quot;:&quot;no&quot;}\" data-elementor-post-type=\"page\">\n\t\t\t\t\t\t<section class=\"elementor-section elementor-top-section elementor-element elementor-element-0727314 elementor-section-full_width elementor-section-height-min-height elementor-section-items-stretch elementor-section-height-default\" data-id=\"0727314\" data-element_type=\"section\" data-e-type=\"section\" data-settings=\"{&quot;_ha_eqh_enable&quot;:false}\">\n\t\t\t\t\t\t<div class=\"elementor-container elementor-column-gap-default\">\n\t\t\t\t\t<div class=\"elementor-column elementor-col-100 elementor-top-column elementor-element elementor-element-f3d6edc\" data-id=\"f3d6edc\" data-element_type=\"column\" data-e-type=\"column\">\n\t\t\t<div class=\"elementor-widget-wrap elementor-element-populated\">\n\t\t\t\t\t\t<div class=\"elementor-element elementor-element-4e0a3bd elementor-widget elementor-widget-html\" data-id=\"4e0a3bd\" data-element_type=\"widget\" data-e-type=\"widget\" data-widget_type=\"html.default\">\n\t\t\t\t<div class=\"elementor-widget-container\">\n\t\t\t\t\t<div id=\"resslers-map\"><\/div>\r\n\t\t\t\t<\/div>\n\t\t\t\t<\/div>\n\t\t\t\t\t<\/div>\n\t\t<\/div>\n\t\t\t\t\t<\/div>\n\t\t<\/section>\n\t\t\t\t<section class=\"elementor-section elementor-top-section elementor-element elementor-element-ffbf019 elementor-section-height-min-height elementor-section-boxed elementor-section-height-default elementor-section-items-middle\" data-id=\"ffbf019\" data-element_type=\"section\" data-e-type=\"section\" data-settings=\"{&quot;background_background&quot;:&quot;classic&quot;,&quot;_ha_eqh_enable&quot;:false}\">\n\t\t\t\t\t\t<div class=\"elementor-container elementor-column-gap-default\">\n\t\t\t\t\t<div class=\"elementor-column elementor-col-100 elementor-top-column elementor-element elementor-element-4e305a4\" data-id=\"4e305a4\" data-element_type=\"column\" data-e-type=\"column\">\n\t\t\t<div class=\"elementor-widget-wrap elementor-element-populated\">\n\t\t\t\t\t\t<div class=\"elementor-element elementor-element-5b0e99d elementor-widget elementor-widget-html\" data-id=\"5b0e99d\" data-element_type=\"widget\" data-e-type=\"widget\" data-widget_type=\"html.default\">\n\t\t\t\t<div class=\"elementor-widget-container\">\n\t\t\t\t\t<div class=\"addition-filter\">\r\n    <form class=\"elementor-form\" method=\"post\" id=\"ressler_filter\" name=\"New Form\">\r\n        <div class=\"elementor-field-type-checkbox elementor-field-group elementor-column elementor-field-group-online elementor-col-100\">\r\n            <span class=\"show\">Vis: <\/span>\r\n            <label for=\"form-field-online\" class=\"elementor-field-label elementor-screen-only\">Vis:<\/label>\r\n            <div class=\"elementor-field-subgroup elementor-subgroup-inline\">\r\n                <span class=\"elementor-field-option\">\r\n                    <input type=\"checkbox\" value=\"online\" id=\"form-field-online-0\" name=\"form_fields[online][]\">\r\n                    <label for=\"form-field-online-0\">Online shops<\/label>\r\n                <\/span>\r\n                <span class=\"elementor-field-option\">\r\n                    <input type=\"checkbox\" value=\"offline\" id=\"form-field-online-1\" name=\"form_fields[online][]\">\r\n                    <label for=\"form-field-online-1\">Butikker<\/label>\r\n                <\/span>\r\n                <span class=\"elementor-field-option\">\r\n                    <input type=\"checkbox\" value=\"restaurant\" id=\"form-field-online-2\" name=\"form_fields[online][]\">\r\n                    <label for=\"form-field-online-2\">Restauranter og barer<\/label>\r\n                    <input type=\"hidden\" name=\"country\" id=\"country\">\r\n                <\/span>\r\n            <\/div>\r\n        <\/div>\r\n    <\/form>\r\n    <form class=\"elementor-form\" method=\"post\" id=\"ser_ress_form\" name=\"searh resseler form\">\r\n        <div class=\"elementor-form-fields-wrapper elementor-labels-above\">\r\n            <div class=\"elementor-field-type-text elementor-field-group elementor-column elementor-field-group-ressname elementor-col-80\">\r\n                <input size=\"1\" type=\"text\" name=\"form_fields[ressname]\" id=\"form-field-ressname\" class=\"elementor-field elementor-size-xs elementor-field-textual\" placeholder=\"S\u00f8g forhandlernavn\">\r\n            <\/div>\r\n            <div class=\"elementor-field-group elementor-column elementor-field-type-submit elementor-col-20 e-form__buttons\">\r\n                <button type=\"submit\" class=\"elementor-button elementor-size-xs\" id=\"b-search-ress-form\">\r\n                    <span>\r\n                        <span class=\"elementor-align-icon-left elementor-button-icon\">\r\n                            <i aria-hidden=\"true\" class=\"fas fa-search\"><\/i> \r\n                            <span class=\"elementor-screen-only\">Indsend<\/span>\r\n                        <\/span>\r\n                    <\/span>\r\n                <\/button>\r\n            <\/div>\r\n        <\/div>\r\n    <\/form>\r\n\r\n    <p>\r\n        Sorter forhandlerne ved at klikke p\u00e5 \"Forhandlernavn\", \"Adresse\", \"By\" eller \"Land\". Pilen i kolonnen viser, hvad forhandlerlisten er sorteret efter. Klik p\u00e5 sorteringspilen for at vende sorteringen.\r\n    <\/p>\r\n<\/div>\r\n<div id=\"find-reseller-posts\">\r\n    <div class=\"ecs-posts\">\r\n        <div id=\"resellersContainer\">\r\n            <div class=\"before-load-resellers\">\r\n                <span><\/span>\r\n            <\/div>\r\n        <\/div>\r\n    <\/div>\r\n<\/div>\r\n\t\t\t\t<\/div>\n\t\t\t\t<\/div>\n\t\t\t\t\t<\/div>\n\t\t<\/div>\n\t\t\t\t\t<\/div>\n\t\t<\/section>\n\t\t\t\t<\/div>\n\t\t","protected":false},"excerpt":{"rendered":"<p>Vis: Vis: Online shops Butikker Restauranter og barer Indsend Sorter forhandlerne ved at klikke p\u00e5 &#8220;Forhandlernavn&#8221;, &#8220;Adresse&#8221;, &#8220;By&#8221; eller &#8220;Land&#8221;. Pilen i kolonnen viser, hvad forhandlerlisten er sorteret efter. Klik p\u00e5 sorteringspilen for at vende sorteringen.<\/p>\n","protected":false},"author":1,"featured_media":0,"parent":0,"menu_order":62,"comment_status":"closed","ping_status":"closed","template":"elementor_header_footer","meta":{"_acf_changed":false,"footnotes":""},"class_list":["post-12042","page","type-page","status-publish","hentry"],"acf":[],"yoast_head":"<!-- This site is optimized with the Yoast SEO plugin v27.2 - https:\/\/yoast.com\/product\/yoast-seo-wordpress\/ -->\n<title>Find din n\u00e6rmeste A.H. Riise forhandler<\/title>\n<meta name=\"description\" content=\"\u00d8nsker du at nyde A.H. Riises uds\u00f8gte spiritus baseret p\u00e5 rom? Find den n\u00e6rmeste eller online A.H. Riise forhandler her.\" \/>\n<meta name=\"robots\" content=\"index, follow, max-snippet:-1, max-image-preview:large, max-video-preview:-1\" \/>\n<link rel=\"canonical\" href=\"https:\/\/oldstcroix.com\/da\/find-a-reseller\/\" \/>\n<meta property=\"og:locale\" content=\"da_DK\" \/>\n<meta property=\"og:type\" content=\"article\" \/>\n<meta property=\"og:title\" content=\"Find din n\u00e6rmeste A.H. Riise forhandler\" \/>\n<meta property=\"og:description\" content=\"\u00d8nsker du at nyde A.H. Riises uds\u00f8gte spiritus baseret p\u00e5 rom? Find den n\u00e6rmeste eller online A.H. Riise forhandler her.\" \/>\n<meta property=\"og:url\" content=\"https:\/\/oldstcroix.com\/da\/find-a-reseller\/\" \/>\n<meta property=\"og:site_name\" content=\"Old St. Croix\" \/>\n<meta property=\"article:modified_time\" content=\"2024-12-20T03:35:37+00:00\" \/>\n<meta name=\"twitter:card\" content=\"summary_large_image\" \/>\n<meta name=\"twitter:label1\" content=\"Estimeret l\u00e6setid\" \/>\n\t<meta name=\"twitter:data1\" content=\"1 minut\" \/>\n<script type=\"application\/ld+json\" class=\"yoast-schema-graph\">{\"@context\":\"https:\/\/schema.org\",\"@graph\":[{\"@type\":\"WebPage\",\"@id\":\"https:\/\/oldstcroix.com\/da\/find-a-reseller\/\",\"url\":\"https:\/\/oldstcroix.com\/da\/find-a-reseller\/\",\"name\":\"Find din n\u00e6rmeste A.H. Riise forhandler\",\"isPartOf\":{\"@id\":\"https:\/\/oldstcroix.com\/#website\"},\"datePublished\":\"2022-02-03T09:33:47+00:00\",\"dateModified\":\"2024-12-20T03:35:37+00:00\",\"description\":\"\u00d8nsker du at nyde A.H. Riises uds\u00f8gte spiritus baseret p\u00e5 rom? Find den n\u00e6rmeste eller online A.H. Riise forhandler her.\",\"breadcrumb\":{\"@id\":\"https:\/\/oldstcroix.com\/da\/find-a-reseller\/#breadcrumb\"},\"inLanguage\":\"da-DK\",\"potentialAction\":[{\"@type\":\"ReadAction\",\"target\":[\"https:\/\/oldstcroix.com\/da\/find-a-reseller\/\"]}]},{\"@type\":\"BreadcrumbList\",\"@id\":\"https:\/\/oldstcroix.com\/da\/find-a-reseller\/#breadcrumb\",\"itemListElement\":[{\"@type\":\"ListItem\",\"position\":1,\"name\":\"Home\",\"item\":\"https:\/\/oldstcroix.com\/\"},{\"@type\":\"ListItem\",\"position\":2,\"name\":\"Find a Reseller DA\"}]},{\"@type\":\"WebSite\",\"@id\":\"https:\/\/oldstcroix.com\/#website\",\"url\":\"https:\/\/oldstcroix.com\/\",\"name\":\"Old St. Croix\",\"description\":\"History distilled\",\"publisher\":{\"@id\":\"https:\/\/oldstcroix.com\/#organization\"},\"potentialAction\":[{\"@type\":\"SearchAction\",\"target\":{\"@type\":\"EntryPoint\",\"urlTemplate\":\"https:\/\/oldstcroix.com\/?s={search_term_string}\"},\"query-input\":{\"@type\":\"PropertyValueSpecification\",\"valueRequired\":true,\"valueName\":\"search_term_string\"}}],\"inLanguage\":\"da-DK\"},{\"@type\":\"Organization\",\"@id\":\"https:\/\/oldstcroix.com\/#organization\",\"name\":\"Old St. Croix\",\"url\":\"https:\/\/oldstcroix.com\/\",\"logo\":{\"@type\":\"ImageObject\",\"inLanguage\":\"da-DK\",\"@id\":\"https:\/\/oldstcroix.com\/#\/schema\/logo\/image\/\",\"url\":\"https:\/\/oldstcroix.com\/wp-content\/uploads\/2025\/06\/cropped-LOGO-1.png\",\"contentUrl\":\"https:\/\/oldstcroix.com\/wp-content\/uploads\/2025\/06\/cropped-LOGO-1.png\",\"width\":251,\"height\":112,\"caption\":\"Old St. Croix\"},\"image\":{\"@id\":\"https:\/\/oldstcroix.com\/#\/schema\/logo\/image\/\"}}]}<\/script>\n<!-- \/ Yoast SEO plugin. -->","yoast_head_json":{"title":"Find din n\u00e6rmeste A.H. Riise forhandler","description":"\u00d8nsker du at nyde A.H. Riises uds\u00f8gte spiritus baseret p\u00e5 rom? Find den n\u00e6rmeste eller online A.H. Riise forhandler her.","robots":{"index":"index","follow":"follow","max-snippet":"max-snippet:-1","max-image-preview":"max-image-preview:large","max-video-preview":"max-video-preview:-1"},"canonical":"https:\/\/oldstcroix.com\/da\/find-a-reseller\/","og_locale":"da_DK","og_type":"article","og_title":"Find din n\u00e6rmeste A.H. Riise forhandler","og_description":"\u00d8nsker du at nyde A.H. Riises uds\u00f8gte spiritus baseret p\u00e5 rom? Find den n\u00e6rmeste eller online A.H. Riise forhandler her.","og_url":"https:\/\/oldstcroix.com\/da\/find-a-reseller\/","og_site_name":"Old St. Croix","article_modified_time":"2024-12-20T03:35:37+00:00","twitter_card":"summary_large_image","twitter_misc":{"Estimeret l\u00e6setid":"1 minut"},"schema":{"@context":"https:\/\/schema.org","@graph":[{"@type":"WebPage","@id":"https:\/\/oldstcroix.com\/da\/find-a-reseller\/","url":"https:\/\/oldstcroix.com\/da\/find-a-reseller\/","name":"Find din n\u00e6rmeste A.H. Riise forhandler","isPartOf":{"@id":"https:\/\/oldstcroix.com\/#website"},"datePublished":"2022-02-03T09:33:47+00:00","dateModified":"2024-12-20T03:35:37+00:00","description":"\u00d8nsker du at nyde A.H. Riises uds\u00f8gte spiritus baseret p\u00e5 rom? Find den n\u00e6rmeste eller online A.H. Riise forhandler her.","breadcrumb":{"@id":"https:\/\/oldstcroix.com\/da\/find-a-reseller\/#breadcrumb"},"inLanguage":"da-DK","potentialAction":[{"@type":"ReadAction","target":["https:\/\/oldstcroix.com\/da\/find-a-reseller\/"]}]},{"@type":"BreadcrumbList","@id":"https:\/\/oldstcroix.com\/da\/find-a-reseller\/#breadcrumb","itemListElement":[{"@type":"ListItem","position":1,"name":"Home","item":"https:\/\/oldstcroix.com\/"},{"@type":"ListItem","position":2,"name":"Find a Reseller DA"}]},{"@type":"WebSite","@id":"https:\/\/oldstcroix.com\/#website","url":"https:\/\/oldstcroix.com\/","name":"Old St. Croix","description":"History distilled","publisher":{"@id":"https:\/\/oldstcroix.com\/#organization"},"potentialAction":[{"@type":"SearchAction","target":{"@type":"EntryPoint","urlTemplate":"https:\/\/oldstcroix.com\/?s={search_term_string}"},"query-input":{"@type":"PropertyValueSpecification","valueRequired":true,"valueName":"search_term_string"}}],"inLanguage":"da-DK"},{"@type":"Organization","@id":"https:\/\/oldstcroix.com\/#organization","name":"Old St. Croix","url":"https:\/\/oldstcroix.com\/","logo":{"@type":"ImageObject","inLanguage":"da-DK","@id":"https:\/\/oldstcroix.com\/#\/schema\/logo\/image\/","url":"https:\/\/oldstcroix.com\/wp-content\/uploads\/2025\/06\/cropped-LOGO-1.png","contentUrl":"https:\/\/oldstcroix.com\/wp-content\/uploads\/2025\/06\/cropped-LOGO-1.png","width":251,"height":112,"caption":"Old St. Croix"},"image":{"@id":"https:\/\/oldstcroix.com\/#\/schema\/logo\/image\/"}}]}},"_links":{"self":[{"href":"https:\/\/oldstcroix.com\/da\/wp-json\/wp\/v2\/pages\/12042","targetHints":{"allow":["GET"]}}],"collection":[{"href":"https:\/\/oldstcroix.com\/da\/wp-json\/wp\/v2\/pages"}],"about":[{"href":"https:\/\/oldstcroix.com\/da\/wp-json\/wp\/v2\/types\/page"}],"author":[{"embeddable":true,"href":"https:\/\/oldstcroix.com\/da\/wp-json\/wp\/v2\/users\/1"}],"replies":[{"embeddable":true,"href":"https:\/\/oldstcroix.com\/da\/wp-json\/wp\/v2\/comments?post=12042"}],"version-history":[{"count":0,"href":"https:\/\/oldstcroix.com\/da\/wp-json\/wp\/v2\/pages\/12042\/revisions"}],"wp:attachment":[{"href":"https:\/\/oldstcroix.com\/da\/wp-json\/wp\/v2\/media?parent=12042"}],"curies":[{"name":"wp","href":"https:\/\/api.w.org\/{rel}","templated":true}]}}