{"id":12409,"date":"2022-02-07T15:01:22","date_gmt":"2022-02-07T15:01:22","guid":{"rendered":"http:\/\/oldstcroixcom.kinsta.cloud\/konkurrenceregler-og-vilkaar\/"},"modified":"2025-06-18T11:02:26","modified_gmt":"2025-06-18T10:02:26","slug":"konkurrenceregler-og-vilkaar","status":"publish","type":"page","link":"https:\/\/oldstcroix.com\/da\/konkurrenceregler-og-vilkaar\/","title":{"rendered":"Konkurrenceregler og vilk\u00e5r"},"content":{"rendered":"\t\t<div data-elementor-type=\"wp-page\" data-elementor-id=\"12409\" class=\"elementor elementor-12409 elementor-12389\" data-elementor-settings=\"{&quot;ha_cmc_init_switcher&quot;:&quot;no&quot;}\" data-elementor-post-type=\"page\">\n\t\t\t\t\t\t<section class=\"elementor-section elementor-top-section elementor-element elementor-element-d6e0636 elementor-section-height-min-height elementor-section-items-bottom elementor-section-boxed elementor-section-height-default\" data-id=\"d6e0636\" data-element_type=\"section\" data-e-type=\"section\" data-settings=\"{&quot;background_background&quot;:&quot;classic&quot;,&quot;_ha_eqh_enable&quot;:false}\">\n\t\t\t\t\t\t\t<div class=\"elementor-background-overlay\"><\/div>\n\t\t\t\t\t\t\t<div class=\"elementor-container elementor-column-gap-default\">\n\t\t\t\t\t<div class=\"elementor-column elementor-col-50 elementor-top-column elementor-element elementor-element-d80ad12\" data-id=\"d80ad12\" data-element_type=\"column\" data-e-type=\"column\">\n\t\t\t<div class=\"elementor-widget-wrap elementor-element-populated\">\n\t\t\t\t\t\t<div class=\"elementor-element elementor-element-7818e0e elementor-invisible elementor-widget elementor-widget-heading\" data-id=\"7818e0e\" data-element_type=\"widget\" data-e-type=\"widget\" data-settings=\"{&quot;_animation&quot;:&quot;fadeInUp&quot;}\" data-widget_type=\"heading.default\">\n\t\t\t\t<div class=\"elementor-widget-container\">\n\t\t\t\t\t<h2 class=\"elementor-heading-title elementor-size-default\">Konkurrenceregler og vilk\u00e5r<\/h2>\t\t\t\t<\/div>\n\t\t\t\t<\/div>\n\t\t\t\t<div class=\"elementor-element elementor-element-c428c6c animated-fast elementor-invisible elementor-widget elementor-widget-text-editor\" data-id=\"c428c6c\" data-element_type=\"widget\" data-e-type=\"widget\" data-settings=\"{&quot;_animation&quot;:&quot;fadeInUp&quot;,&quot;_animation_delay&quot;:1000}\" data-widget_type=\"text-editor.default\">\n\t\t\t\t<div class=\"elementor-widget-container\">\n\t\t\t\t\t\t\t\t\t<p>P\u00e5 denne side kan du l\u00e6se n\u00e6rmere om vores konkurrenceregler og vilk\u00e5r.<\/p>\n\t\t\t\t\t\t\t\t<\/div>\n\t\t\t\t<\/div>\n\t\t\t\t\t<\/div>\n\t\t<\/div>\n\t\t\t\t<div class=\"elementor-column elementor-col-50 elementor-top-column elementor-element elementor-element-c09c676\" data-id=\"c09c676\" data-element_type=\"column\" data-e-type=\"column\">\n\t\t\t<div class=\"elementor-widget-wrap elementor-element-populated\">\n\t\t\t\t\t\t<div class=\"elementor-element elementor-element-8c13945 elementor-widget-mobile__width-inherit elementor-hidden-desktop elementor-hidden-tablet elementor-widget elementor-widget-image\" data-id=\"8c13945\" data-element_type=\"widget\" data-e-type=\"widget\" data-widget_type=\"image.default\">\n\t\t\t\t<div class=\"elementor-widget-container\">\n\t\t\t\t\t\t\t\t\t\t\t\t\t\t\t<img decoding=\"async\" width=\"50\" height=\"50\" src=\"https:\/\/oldstcroix.com\/wp-content\/uploads\/2021\/12\/mobible_down.png\" class=\"attachment-large size-large wp-image-4994\" alt=\"mobible down\" \/>\t\t\t\t\t\t\t\t\t\t\t\t\t\t\t<\/div>\n\t\t\t\t<\/div>\n\t\t\t\t\t<\/div>\n\t\t<\/div>\n\t\t\t\t\t<\/div>\n\t\t<\/section>\n\t\t\t\t<section class=\"elementor-section elementor-top-section elementor-element elementor-element-e238d7f elementor-section-boxed elementor-section-height-default elementor-section-height-default\" data-id=\"e238d7f\" data-element_type=\"section\" data-e-type=\"section\" data-settings=\"{&quot;background_background&quot;:&quot;classic&quot;,&quot;_ha_eqh_enable&quot;:false}\">\n\t\t\t\t\t\t\t<div class=\"elementor-background-overlay\"><\/div>\n\t\t\t\t\t\t\t<div class=\"elementor-container elementor-column-gap-default\">\n\t\t\t\t\t<div class=\"elementor-column elementor-col-100 elementor-top-column elementor-element elementor-element-ee3ba80\" data-id=\"ee3ba80\" data-element_type=\"column\" data-e-type=\"column\">\n\t\t\t<div class=\"elementor-widget-wrap elementor-element-populated\">\n\t\t\t\t\t\t<div class=\"elementor-element elementor-element-7ff6dfb elementor-widget elementor-widget-heading\" data-id=\"7ff6dfb\" data-element_type=\"widget\" data-e-type=\"widget\" data-widget_type=\"heading.default\">\n\t\t\t\t<div class=\"elementor-widget-container\">\n\t\t\t\t\t<h2 class=\"elementor-heading-title elementor-size-default\"><br>Regler og vilk\u00e5r<\/h2>\t\t\t\t<\/div>\n\t\t\t\t<\/div>\n\t\t\t\t\t<\/div>\n\t\t<\/div>\n\t\t\t\t\t<\/div>\n\t\t<\/section>\n\t\t\t\t<section class=\"elementor-section elementor-top-section elementor-element elementor-element-9f1cb1d elementor-section-boxed elementor-section-height-default elementor-section-height-default\" data-id=\"9f1cb1d\" data-element_type=\"section\" data-e-type=\"section\" data-settings=\"{&quot;background_background&quot;:&quot;classic&quot;,&quot;_ha_eqh_enable&quot;:false}\">\n\t\t\t\t\t\t\t<div class=\"elementor-background-overlay\"><\/div>\n\t\t\t\t\t\t\t<div class=\"elementor-container elementor-column-gap-default\">\n\t\t\t\t\t<div class=\"elementor-column elementor-col-100 elementor-top-column elementor-element elementor-element-c37d106\" data-id=\"c37d106\" data-element_type=\"column\" data-e-type=\"column\">\n\t\t\t<div class=\"elementor-widget-wrap elementor-element-populated\">\n\t\t\t\t\t\t<div class=\"elementor-element elementor-element-befbd1c elementor-widget elementor-widget-text-editor\" data-id=\"befbd1c\" data-element_type=\"widget\" data-e-type=\"widget\" data-widget_type=\"text-editor.default\">\n\t\t\t\t<div class=\"elementor-widget-container\">\n\t\t\t\t\t\t\t\t\t<strong>1. Nyhedsbrev <\/strong>\r\n\r\nN\u00e5r du tilmelder dig vores nyhedsbrev, accepterer du samtidig at vi m\u00e5 sende dig elektronisk markedsf\u00f8ring i form af e-mail og sociale medier.\r\n\r\nDu accepterer endvidere at vi m\u00e5 behandle dine personoplysninger i form af navn og e-mail for at kunne sende dig information samt tilbud om Old St. Croix Spirits produkter. Du kan l\u00e6se n\u00e6rmere om behandling af personoplysninger i vores privatlivspolitik samt vores cookiepolitik.\r\n\r\nDu kan til enhver tid afmelde dig fra at modtage nyhedsbreve. Det kan du g\u00f8re ved at f\u00f8lge instruksen i det senest modtagne nyhedsbrev eller ved at sende os en e-mail til <a href=\"mailto:info@oldstcroix.com\">info@oldstcroix.com<\/a>.\r\n\r\n<strong>2. Generelle betingelser og vilk\u00e5r for konkurrencen<\/strong>\r\n\r\nUdbyderen af konkurrencerne er Old St. Croix Spirits ApS, A. P. M\u00f8llers Alle 9C, 2791 Drag\u00f8r.\r\n\r\nVed deltagelse i en konkurrence eller et event hos Old St. Croix Spirits er man indforst\u00e5et med konkurrencereglerne.\r\n\r\nFor at kunne deltage i vores konkurrencer, skal man v\u00e6re fyldt 18 \u00e5r. Old St. Croix Spirits forbeholder sig retten til at kontrollere alderen p\u00e5 vinderen og frasortere deltagere under 18 \u00e5r.\r\n\r\nMedmindre der er tilkendegivet andet, er konkurrencerne gratis og hver enkelt person kan kun deltage \u00e9n gang. Fors\u00f8g p\u00e5 snyd vil medf\u00f8re udelukkelse af konkurrencen.\r\n\r\nKonkurrencerne har til form\u00e5l at v\u00e6re underholdende og deltagerne kan ikke rette krav mod Old St. Croix Spirits.\r\n\r\nDet kan bestemmes, at deltagelse i en bestemt konkurrence kan begr\u00e6nses ved en bestemt form for tilmelding eller i et bestemt forum som f.eks. p\u00e5 hjemmesiden, p\u00e5 et bestemt socialt medie eller lign.\r\n\r\nDet er deltagerens eget ansvar at tilmeldingen kommer frem rettidigt. Tilmelding modtaget efter sidste tilmeldingsfrist, vil ikke blive taget i betragtning. Det er alene Old St. Croix Spirits der afg\u00f8r om tilmeldingen er modtaget rettidigt.\r\n\r\nVinderen kontaktes direkte. Old St. Croix Spirits forbeholder sig ret til at offentligg\u00f8re vinderen af konkurrencen p\u00e5 hjemmesiden samt sociale medier uden nogen form for vederlag. S\u00e5fremt pr\u00e6mien ikke afhentes senest 2 uger efter besked om at den er vundet, forbliver pr\u00e6mien Old St. Croix Spirits ejendom og en ny vinder vil blive trukket. Old St. Croix Spirits kan kr\u00e6ve fremvisning af gyldigt billede-ID i forbindelse med afhentning af pr\u00e6mien.\r\n\r\nDeltagelse i konkurrencerne er \u00e5ben for alle i Danmark, bortset fra medarbejdere og deres husstand i virksomheder ejet af Old St. Croix Spirits.\r\n\r\nOld St. Croix Spirits forbeholder sig retten til at udskifte pr\u00e6mien til et andet produkt med samme v\u00e6rdi s\u00e5fremt der skulle opst\u00e5 problemer med levering af produktet eller lign.\r\n\r\nOld St. Croix Spirits forbeholder sig altid retten til at kunne \u00e6ndre, indstille eller uds\u00e6tte en konkurrence (inklusiv alle pr\u00e6mier).\r\n\r\n&nbsp;\r\n\r\n<strong>3. Sociale medier <\/strong>\r\n\r\nHvis du deltager i vores konkurrencer p\u00e5 de sociale medier s\u00e5som Instagram, Facebook og lign., sker din deltagelse ved afgivelse af \u201dsyntes godt om\u201d eller ved at kommentere et opslag. Din deltagelse kan ogs\u00e5 ske ved tilmelding p\u00e5 en bestemt konkurrenceside.\r\n\r\nKonkurrencens l\u00f8betid og oph\u00f8r, vil v\u00e6re oplyst i selve konkurrencens opslag, eller p\u00e5 en separat konkurrenceside.\r\n\r\nVinderen offentligg\u00f8res ved direkte besked samt ved offentligg\u00f8relse p\u00e5 det sociale medie.\r\n\r\nVores konkurrencer p\u00e5 vores hjemmeside eller p\u00e5 de sociale medier, er hverken sponsoreret, st\u00f8ttet eller administreret af de sociale medier s\u00e5som Facebook eller Instagram.\r\n\r\n&nbsp;\r\n\r\n<strong>4. Pr\u00e6mier <\/strong>\r\n\r\nPr\u00e6mier afsendes til vinderen hurtigst muligt efter endt konkurrence.\r\n\r\nVi tilbyder desv\u00e6rre ikke muligheden for ombytning af pr\u00e6mier til andre varer, gavekort eller kontanter.\r\n\r\nOld St. Croix Spirits afholder de lovpligtige pr\u00e6mieafgifter til staten for pr\u00e6mier af v\u00e6rdi over 200 kr. inkl. moms.\r\n\r\nAlmindelig reklamationsret vil v\u00e6re g\u00e6ldende hvis pr\u00e6mien er underlagt reklamationsreglerne.\r\n\r\n&nbsp;\r\n\r\n<strong>5. Generelt <\/strong>\r\n\r\nS\u00e5fremt du m\u00e5tte have sp\u00f8rgsm\u00e5l eller kommentarer til vores konkurrencer, er du meget velkommen til at kontakte os p\u00e5 e-mail: <a href=\"mailto:info@oldstcroix.com\">info@oldstcroix.com<\/a>.\r\n\r\n&nbsp;\t\t\t\t\t\t\t\t<\/div>\n\t\t\t\t<\/div>\n\t\t\t\t\t<\/div>\n\t\t<\/div>\n\t\t\t\t\t<\/div>\n\t\t<\/section>\n\t\t\t\t<section class=\"elementor-section elementor-top-section elementor-element elementor-element-0921da9 blog_pos-width elementor-section-boxed elementor-section-height-default elementor-section-height-default\" data-id=\"0921da9\" data-element_type=\"section\" data-e-type=\"section\" data-settings=\"{&quot;background_background&quot;:&quot;classic&quot;,&quot;_ha_eqh_enable&quot;:false}\">\n\t\t\t\t\t\t<div class=\"elementor-container elementor-column-gap-default\">\n\t\t\t\t\t<div class=\"elementor-column elementor-col-100 elementor-top-column elementor-element elementor-element-812ae37\" data-id=\"812ae37\" data-element_type=\"column\" data-e-type=\"column\">\n\t\t\t<div class=\"elementor-widget-wrap elementor-element-populated\">\n\t\t\t\t\t\t<div class=\"elementor-element elementor-element-a34c825 single-product-single-blog elementor-widget elementor-widget-shortcode\" data-id=\"a34c825\" data-element_type=\"widget\" data-e-type=\"widget\" data-widget_type=\"shortcode.default\">\n\t\t\t\t<div class=\"elementor-widget-container\">\n\t\t\t\t\t\t\t<div class=\"elementor-shortcode\">\t\t<div class=\"main-dv\">\n\t\t\t\t\t\t\t<div class=\"ct_first_post\">\n\t\t\t\t\t\t\t<div class=\"blog-left\">\n\t\t\t\t\t\t\t\t<a href=\"https:\/\/oldstcroix.com\/da\/article\/a-h-riises-historie\/\">\n\t\t\t\t\t\t\t\t\t<div class=\"blog-content\" style=\"background-image:url('https:\/\/oldstcroix.com\/wp-content\/uploads\/2021\/11\/TidslinieTOP_Desktop_2.jpg')\">\n\t\t\t\t\t\t\t\t\t\t<p class=\"blog-cat-name\">Viden<\/p>\n\t\t\t\t\t\t\t\t\t\t<h1>Old St. Croix \u2013 En rejse gennem tid og smag<\/h1>\n\t\t\t\t\t\t\t\t\t\t<p class=\"blog-excerpt\">\n\t\t\t\t\t\t\t\t\t\tMed skiftet tilbage til Old St. Croix tager vi \u00e9t skridt tilbage \u2013 for at tage to frem. Med navnet genopliver vi den oprindelige vision, der drev Albert Heinrich Riise, da han for mere end 150 \u00e5r siden gjorde dansk-vestindisk rom kendt langt ud over \u00f8ernes gr\u00e6nser.\r\n<\/p>\n\t\t\t\t\t\t\t\t\t<\/div>\n\t\t\t\t\t\t\t\t<\/a>\n\t\t\t\t\t\t\t<\/div>\t\n\t\t\t\t\t\t<\/div>\n\t\t\t\t\t\t\t\t\t\t\n\t\t\t\t\t\t\n\t<\/div>\n\t<\/div>\n\t\t\t\t\t\t<\/div>\n\t\t\t\t<\/div>\n\t\t\t\t\t<\/div>\n\t\t<\/div>\n\t\t\t\t\t<\/div>\n\t\t<\/section>\n\t\t\t\t<\/div>\n\t\t","protected":false},"excerpt":{"rendered":"<p>Konkurrenceregler og vilk\u00e5r P\u00e5 denne side kan du l\u00e6se n\u00e6rmere om vores konkurrenceregler og vilk\u00e5r. Regler og vilk\u00e5r 1. Nyhedsbrev N\u00e5r du tilmelder dig vores nyhedsbrev, accepterer du samtidig at vi m\u00e5 sende dig elektronisk markedsf\u00f8ring i form af e-mail og sociale medier. Du accepterer endvidere at vi m\u00e5 behandle dine personoplysninger i form af [&hellip;]<\/p>\n","protected":false},"author":1,"featured_media":0,"parent":0,"menu_order":3,"comment_status":"closed","ping_status":"closed","template":"","meta":{"_acf_changed":false,"footnotes":""},"class_list":["post-12409","page","type-page","status-publish","hentry"],"acf":[],"yoast_head":"<!-- This site is optimized with the Yoast SEO plugin v27.2 - https:\/\/yoast.com\/product\/yoast-seo-wordpress\/ -->\n<title>Forst\u00e5 Reglerne for Spirituskonkurrencer - Old St. Croix Guide<\/title>\n<meta name=\"description\" content=\"Naviger i den komplekse verden af spirituskonkurrencer med Old St. Croix omfattende guide til konkurrenceregler og -betingelser.\" \/>\n<meta name=\"robots\" content=\"index, follow, max-snippet:-1, max-image-preview:large, max-video-preview:-1\" \/>\n<link rel=\"canonical\" href=\"https:\/\/oldstcroix.com\/competition-rules-and-conditions\/\" \/>\n<meta property=\"og:locale\" content=\"da_DK\" \/>\n<meta property=\"og:type\" content=\"article\" \/>\n<meta property=\"og:title\" content=\"Forst\u00e5 Reglerne for Spirituskonkurrencer - Old St. Croix Guide\" \/>\n<meta property=\"og:description\" content=\"Naviger i den komplekse verden af spirituskonkurrencer med Old St. Croix omfattende guide til konkurrenceregler og -betingelser.\" \/>\n<meta property=\"og:url\" content=\"https:\/\/oldstcroix.com\/competition-rules-and-conditions\/\" \/>\n<meta property=\"og:site_name\" content=\"Old St. Croix\" \/>\n<meta property=\"article:modified_time\" content=\"2025-06-18T10:02:26+00:00\" \/>\n<meta property=\"og:image\" content=\"https:\/\/oldstcroix.com\/wp-content\/uploads\/2021\/12\/mobible_down.png\" \/>\n\t<meta property=\"og:image:width\" content=\"50\" \/>\n\t<meta property=\"og:image:height\" content=\"50\" \/>\n\t<meta property=\"og:image:type\" content=\"image\/png\" \/>\n<meta name=\"twitter:card\" content=\"summary_large_image\" \/>\n<meta name=\"twitter:label1\" content=\"Estimeret l\u00e6setid\" \/>\n\t<meta name=\"twitter:data1\" content=\"4 minutter\" \/>\n<script type=\"application\/ld+json\" class=\"yoast-schema-graph\">{\"@context\":\"https:\/\/schema.org\",\"@graph\":[{\"@type\":\"WebPage\",\"@id\":\"https:\/\/oldstcroix.com\/competition-rules-and-conditions\/\",\"url\":\"https:\/\/oldstcroix.com\/competition-rules-and-conditions\/\",\"name\":\"Forst\u00e5 Reglerne for Spirituskonkurrencer - Old St. Croix Guide\",\"isPartOf\":{\"@id\":\"https:\/\/oldstcroix.com\/#website\"},\"primaryImageOfPage\":{\"@id\":\"https:\/\/oldstcroix.com\/competition-rules-and-conditions\/#primaryimage\"},\"image\":{\"@id\":\"https:\/\/oldstcroix.com\/competition-rules-and-conditions\/#primaryimage\"},\"thumbnailUrl\":\"https:\/\/oldstcroix.com\/wp-content\/uploads\/2021\/12\/mobible_down.png\",\"datePublished\":\"2022-02-07T15:01:22+00:00\",\"dateModified\":\"2025-06-18T10:02:26+00:00\",\"description\":\"Naviger i den komplekse verden af spirituskonkurrencer med Old St. Croix omfattende guide til konkurrenceregler og -betingelser.\",\"breadcrumb\":{\"@id\":\"https:\/\/oldstcroix.com\/competition-rules-and-conditions\/#breadcrumb\"},\"inLanguage\":\"da-DK\",\"potentialAction\":[{\"@type\":\"ReadAction\",\"target\":[\"https:\/\/oldstcroix.com\/competition-rules-and-conditions\/\"]}]},{\"@type\":\"ImageObject\",\"inLanguage\":\"da-DK\",\"@id\":\"https:\/\/oldstcroix.com\/competition-rules-and-conditions\/#primaryimage\",\"url\":\"https:\/\/oldstcroix.com\/wp-content\/uploads\/2021\/12\/mobible_down.png\",\"contentUrl\":\"https:\/\/oldstcroix.com\/wp-content\/uploads\/2021\/12\/mobible_down.png\"},{\"@type\":\"BreadcrumbList\",\"@id\":\"https:\/\/oldstcroix.com\/competition-rules-and-conditions\/#breadcrumb\",\"itemListElement\":[{\"@type\":\"ListItem\",\"position\":1,\"name\":\"Home\",\"item\":\"https:\/\/oldstcroix.com\/\"},{\"@type\":\"ListItem\",\"position\":2,\"name\":\"Konkurrenceregler og vilk\u00e5r\"}]},{\"@type\":\"WebSite\",\"@id\":\"https:\/\/oldstcroix.com\/#website\",\"url\":\"https:\/\/oldstcroix.com\/\",\"name\":\"Old St. Croix\",\"description\":\"History distilled\",\"publisher\":{\"@id\":\"https:\/\/oldstcroix.com\/#organization\"},\"potentialAction\":[{\"@type\":\"SearchAction\",\"target\":{\"@type\":\"EntryPoint\",\"urlTemplate\":\"https:\/\/oldstcroix.com\/?s={search_term_string}\"},\"query-input\":{\"@type\":\"PropertyValueSpecification\",\"valueRequired\":true,\"valueName\":\"search_term_string\"}}],\"inLanguage\":\"da-DK\"},{\"@type\":\"Organization\",\"@id\":\"https:\/\/oldstcroix.com\/#organization\",\"name\":\"Old St. Croix\",\"url\":\"https:\/\/oldstcroix.com\/\",\"logo\":{\"@type\":\"ImageObject\",\"inLanguage\":\"da-DK\",\"@id\":\"https:\/\/oldstcroix.com\/#\/schema\/logo\/image\/\",\"url\":\"https:\/\/oldstcroix.com\/wp-content\/uploads\/2025\/06\/cropped-LOGO-1.png\",\"contentUrl\":\"https:\/\/oldstcroix.com\/wp-content\/uploads\/2025\/06\/cropped-LOGO-1.png\",\"width\":251,\"height\":112,\"caption\":\"Old St. Croix\"},\"image\":{\"@id\":\"https:\/\/oldstcroix.com\/#\/schema\/logo\/image\/\"}}]}<\/script>\n<!-- \/ Yoast SEO plugin. -->","yoast_head_json":{"title":"Forst\u00e5 Reglerne for Spirituskonkurrencer - Old St. Croix Guide","description":"Naviger i den komplekse verden af spirituskonkurrencer med Old St. Croix omfattende guide til konkurrenceregler og -betingelser.","robots":{"index":"index","follow":"follow","max-snippet":"max-snippet:-1","max-image-preview":"max-image-preview:large","max-video-preview":"max-video-preview:-1"},"canonical":"https:\/\/oldstcroix.com\/competition-rules-and-conditions\/","og_locale":"da_DK","og_type":"article","og_title":"Forst\u00e5 Reglerne for Spirituskonkurrencer - Old St. Croix Guide","og_description":"Naviger i den komplekse verden af spirituskonkurrencer med Old St. Croix omfattende guide til konkurrenceregler og -betingelser.","og_url":"https:\/\/oldstcroix.com\/competition-rules-and-conditions\/","og_site_name":"Old St. Croix","article_modified_time":"2025-06-18T10:02:26+00:00","og_image":[{"width":50,"height":50,"url":"https:\/\/oldstcroix.com\/wp-content\/uploads\/2021\/12\/mobible_down.png","type":"image\/png"}],"twitter_card":"summary_large_image","twitter_misc":{"Estimeret l\u00e6setid":"4 minutter"},"schema":{"@context":"https:\/\/schema.org","@graph":[{"@type":"WebPage","@id":"https:\/\/oldstcroix.com\/competition-rules-and-conditions\/","url":"https:\/\/oldstcroix.com\/competition-rules-and-conditions\/","name":"Forst\u00e5 Reglerne for Spirituskonkurrencer - Old St. Croix Guide","isPartOf":{"@id":"https:\/\/oldstcroix.com\/#website"},"primaryImageOfPage":{"@id":"https:\/\/oldstcroix.com\/competition-rules-and-conditions\/#primaryimage"},"image":{"@id":"https:\/\/oldstcroix.com\/competition-rules-and-conditions\/#primaryimage"},"thumbnailUrl":"https:\/\/oldstcroix.com\/wp-content\/uploads\/2021\/12\/mobible_down.png","datePublished":"2022-02-07T15:01:22+00:00","dateModified":"2025-06-18T10:02:26+00:00","description":"Naviger i den komplekse verden af spirituskonkurrencer med Old St. Croix omfattende guide til konkurrenceregler og -betingelser.","breadcrumb":{"@id":"https:\/\/oldstcroix.com\/competition-rules-and-conditions\/#breadcrumb"},"inLanguage":"da-DK","potentialAction":[{"@type":"ReadAction","target":["https:\/\/oldstcroix.com\/competition-rules-and-conditions\/"]}]},{"@type":"ImageObject","inLanguage":"da-DK","@id":"https:\/\/oldstcroix.com\/competition-rules-and-conditions\/#primaryimage","url":"https:\/\/oldstcroix.com\/wp-content\/uploads\/2021\/12\/mobible_down.png","contentUrl":"https:\/\/oldstcroix.com\/wp-content\/uploads\/2021\/12\/mobible_down.png"},{"@type":"BreadcrumbList","@id":"https:\/\/oldstcroix.com\/competition-rules-and-conditions\/#breadcrumb","itemListElement":[{"@type":"ListItem","position":1,"name":"Home","item":"https:\/\/oldstcroix.com\/"},{"@type":"ListItem","position":2,"name":"Konkurrenceregler og vilk\u00e5r"}]},{"@type":"WebSite","@id":"https:\/\/oldstcroix.com\/#website","url":"https:\/\/oldstcroix.com\/","name":"Old St. Croix","description":"History distilled","publisher":{"@id":"https:\/\/oldstcroix.com\/#organization"},"potentialAction":[{"@type":"SearchAction","target":{"@type":"EntryPoint","urlTemplate":"https:\/\/oldstcroix.com\/?s={search_term_string}"},"query-input":{"@type":"PropertyValueSpecification","valueRequired":true,"valueName":"search_term_string"}}],"inLanguage":"da-DK"},{"@type":"Organization","@id":"https:\/\/oldstcroix.com\/#organization","name":"Old St. Croix","url":"https:\/\/oldstcroix.com\/","logo":{"@type":"ImageObject","inLanguage":"da-DK","@id":"https:\/\/oldstcroix.com\/#\/schema\/logo\/image\/","url":"https:\/\/oldstcroix.com\/wp-content\/uploads\/2025\/06\/cropped-LOGO-1.png","contentUrl":"https:\/\/oldstcroix.com\/wp-content\/uploads\/2025\/06\/cropped-LOGO-1.png","width":251,"height":112,"caption":"Old St. Croix"},"image":{"@id":"https:\/\/oldstcroix.com\/#\/schema\/logo\/image\/"}}]}},"_links":{"self":[{"href":"https:\/\/oldstcroix.com\/da\/wp-json\/wp\/v2\/pages\/12409","targetHints":{"allow":["GET"]}}],"collection":[{"href":"https:\/\/oldstcroix.com\/da\/wp-json\/wp\/v2\/pages"}],"about":[{"href":"https:\/\/oldstcroix.com\/da\/wp-json\/wp\/v2\/types\/page"}],"author":[{"embeddable":true,"href":"https:\/\/oldstcroix.com\/da\/wp-json\/wp\/v2\/users\/1"}],"replies":[{"embeddable":true,"href":"https:\/\/oldstcroix.com\/da\/wp-json\/wp\/v2\/comments?post=12409"}],"version-history":[{"count":0,"href":"https:\/\/oldstcroix.com\/da\/wp-json\/wp\/v2\/pages\/12409\/revisions"}],"wp:attachment":[{"href":"https:\/\/oldstcroix.com\/da\/wp-json\/wp\/v2\/media?parent=12409"}],"curies":[{"name":"wp","href":"https:\/\/api.w.org\/{rel}","templated":true}]}}