{"id":31653,"date":"2025-06-04T14:48:14","date_gmt":"2025-06-04T13:48:14","guid":{"rendered":"https:\/\/oldstcroix.com\/more-info\/"},"modified":"2025-06-15T07:33:00","modified_gmt":"2025-06-15T06:33:00","slug":"more-info","status":"publish","type":"page","link":"https:\/\/oldstcroix.com\/da\/more-info\/","title":{"rendered":"More info"},"content":{"rendered":"\t\t<div data-elementor-type=\"wp-page\" data-elementor-id=\"31653\" class=\"elementor elementor-31653 elementor-30461\" data-elementor-settings=\"{&quot;ha_cmc_init_switcher&quot;:&quot;no&quot;}\" data-elementor-post-type=\"page\">\n\t\t\t\t\t\t<section class=\"elementor-section elementor-top-section elementor-element elementor-element-fa47915 elementor-section-height-min-height elementor-section-items-bottom elementor-section-boxed elementor-section-height-default\" data-id=\"fa47915\" data-element_type=\"section\" data-e-type=\"section\" data-settings=\"{&quot;background_background&quot;:&quot;classic&quot;,&quot;_ha_eqh_enable&quot;:false}\">\n\t\t\t\t\t\t\t<div class=\"elementor-background-overlay\"><\/div>\n\t\t\t\t\t\t\t<div class=\"elementor-container elementor-column-gap-default\">\n\t\t\t\t\t<div class=\"elementor-column elementor-col-50 elementor-top-column elementor-element elementor-element-6efd6533\" data-id=\"6efd6533\" data-element_type=\"column\" data-e-type=\"column\">\n\t\t\t<div class=\"elementor-widget-wrap elementor-element-populated\">\n\t\t\t\t\t\t<div class=\"elementor-element elementor-element-733fac26 animated-fast elementor-widget elementor-widget-heading\" data-id=\"733fac26\" data-element_type=\"widget\" data-e-type=\"widget\" data-settings=\"{&quot;_animation&quot;:&quot;none&quot;}\" data-widget_type=\"heading.default\">\n\t\t\t\t<div class=\"elementor-widget-container\">\n\t\t\t\t\t<h2 class=\"elementor-heading-title elementor-size-default\">A.H. Riise bliver til Old St. Croix<\/h2>\t\t\t\t<\/div>\n\t\t\t\t<\/div>\n\t\t\t\t<div class=\"elementor-element elementor-element-45dbf2ce animated-fast elementor-widget elementor-widget-text-editor\" data-id=\"45dbf2ce\" data-element_type=\"widget\" data-e-type=\"widget\" data-settings=\"{&quot;_animation&quot;:&quot;none&quot;,&quot;_animation_delay&quot;:1000}\" data-widget_type=\"text-editor.default\">\n\t\t\t\t<div class=\"elementor-widget-container\">\n\t\t\t\t\t\t\t\t\t<p>Et historisk navn vender tilbage<\/p>\n\t\t\t\t\t\t\t\t<\/div>\n\t\t\t\t<\/div>\n\t\t\t\t\t<\/div>\n\t\t<\/div>\n\t\t\t\t<div class=\"elementor-column elementor-col-50 elementor-top-column elementor-element elementor-element-3ce160d6\" data-id=\"3ce160d6\" data-element_type=\"column\" data-e-type=\"column\">\n\t\t\t<div class=\"elementor-widget-wrap elementor-element-populated\">\n\t\t\t\t\t\t<div class=\"elementor-element elementor-element-27403af6 elementor-widget-mobile__width-inherit elementor-absolute elementor-hidden-desktop elementor-hidden-tablet elementor-widget elementor-widget-image\" data-id=\"27403af6\" data-element_type=\"widget\" data-e-type=\"widget\" data-settings=\"{&quot;_position&quot;:&quot;absolute&quot;}\" data-widget_type=\"image.default\">\n\t\t\t\t<div class=\"elementor-widget-container\">\n\t\t\t\t\t\t\t\t\t\t\t\t\t\t\t<img decoding=\"async\" width=\"50\" height=\"50\" src=\"https:\/\/oldstcroix.com\/wp-content\/uploads\/2025\/06\/mobible_down.png\" class=\"attachment-large size-large wp-image-31633\" alt=\"\" \/>\t\t\t\t\t\t\t\t\t\t\t\t\t\t\t<\/div>\n\t\t\t\t<\/div>\n\t\t\t\t\t<\/div>\n\t\t<\/div>\n\t\t\t\t\t<\/div>\n\t\t<\/section>\n\t\t\t\t<section class=\"elementor-section elementor-top-section elementor-element elementor-element-4b1ac20 elementor-section-boxed elementor-section-height-default elementor-section-height-default\" data-id=\"4b1ac20\" data-element_type=\"section\" data-e-type=\"section\" data-settings=\"{&quot;background_background&quot;:&quot;classic&quot;,&quot;_ha_eqh_enable&quot;:false}\">\n\t\t\t\t\t\t<div class=\"elementor-container elementor-column-gap-default\">\n\t\t\t\t\t<div class=\"elementor-column elementor-col-50 elementor-top-column elementor-element elementor-element-23fbd95f\" data-id=\"23fbd95f\" data-element_type=\"column\" data-e-type=\"column\">\n\t\t\t<div class=\"elementor-widget-wrap elementor-element-populated\">\n\t\t\t\t\t\t<div class=\"elementor-element elementor-element-44368981 elementor-invisible elementor-widget elementor-widget-heading\" data-id=\"44368981\" data-element_type=\"widget\" data-e-type=\"widget\" data-settings=\"{&quot;_animation&quot;:&quot;fadeInUp&quot;}\" data-widget_type=\"heading.default\">\n\t\t\t\t<div class=\"elementor-widget-container\">\n\t\t\t\t\t<h4 class=\"elementor-heading-title elementor-size-default\">Nyt navn<\/h4>\t\t\t\t<\/div>\n\t\t\t\t<\/div>\n\t\t\t\t<div class=\"elementor-element elementor-element-7cc879f8 elementor-widget elementor-widget-heading\" data-id=\"7cc879f8\" data-element_type=\"widget\" data-e-type=\"widget\" data-settings=\"{&quot;_animation&quot;:&quot;none&quot;,&quot;_animation_delay&quot;:200}\" data-widget_type=\"heading.default\">\n\t\t\t\t<div class=\"elementor-widget-container\">\n\t\t\t\t\t<h2 class=\"elementor-heading-title elementor-size-default\">Nyt design - samme l\u00e6kre smag<\/h2>\t\t\t\t<\/div>\n\t\t\t\t<\/div>\n\t\t\t\t<div class=\"elementor-element elementor-element-248d99be elementor-widget elementor-widget-text-editor\" data-id=\"248d99be\" data-element_type=\"widget\" data-e-type=\"widget\" data-settings=\"{&quot;_animation&quot;:&quot;none&quot;,&quot;_animation_delay&quot;:400}\" data-widget_type=\"text-editor.default\">\n\t\t\t\t<div class=\"elementor-widget-container\">\n\t\t\t\t\t\t\t\t\t<p style=\"font-weight: 400;\">Old St. Croix var allerede i brug i 1870\u2019erne, da Albert Heinrich Riise begyndte at eksportere sine vestindiske blends.<\/p>\n<p style=\"font-weight: 400;\">Nu bringer vi det historiske navn tilbage \u2013 st\u00e6rkere end nogensinde.<\/p>\n<p style=\"font-weight: 400;\">Old St. Croix knytter os t\u00e6ttere til vores vestindiske r\u00f8dder \u2013 og er lettere at huske og udtale globalt. <a href=\"https:\/\/oldstcroix.com\/da\/article\/old-st-croix-tilbage-til-roedderne\/\"><u>L\u00e6s mere her<\/u><\/a>.<\/p>\n<p style=\"font-weight: 400;\"><strong>Smag selv!<br \/>\n<\/strong>Mange forhandlere tilbyder smagspr\u00f8ver. Sp\u00f8rg i butikken eller <u><a href=\"https:\/\/oldstcroix.com\/da\/article\/smagninger-og-meget-mere\/\">l\u00e6s her<\/a>.<\/u><\/p>\n<p style=\"font-weight: 400;\">Velkommen til Old St. Croix &#8211; Smagen af Vestindien.<\/p>\n\t\t\t\t\t\t\t\t<\/div>\n\t\t\t\t<\/div>\n\t\t\t\t\t<\/div>\n\t\t<\/div>\n\t\t\t\t<div class=\"elementor-column elementor-col-50 elementor-top-column elementor-element elementor-element-60e3c86c\" data-id=\"60e3c86c\" data-element_type=\"column\" data-e-type=\"column\">\n\t\t\t<div class=\"elementor-widget-wrap elementor-element-populated\">\n\t\t\t\t\t\t<div class=\"elementor-element elementor-element-175cc43a elementor-hidden-mobile elementor-widget elementor-widget-image\" data-id=\"175cc43a\" data-element_type=\"widget\" data-e-type=\"widget\" data-widget_type=\"image.default\">\n\t\t\t\t<div class=\"elementor-widget-container\">\n\t\t\t\t\t\t\t\t\t\t\t\t\t\t\t<img fetchpriority=\"high\" decoding=\"async\" width=\"550\" height=\"800\" src=\"https:\/\/oldstcroix.com\/wp-content\/uploads\/2025\/06\/NPU_VeryRare_Glas_2025.png\" class=\"attachment-medium_large size-medium_large wp-image-31645\" alt=\"\" srcset=\"https:\/\/oldstcroix.com\/wp-content\/uploads\/2025\/06\/NPU_VeryRare_Glas_2025.png 550w, https:\/\/oldstcroix.com\/wp-content\/uploads\/2025\/06\/NPU_VeryRare_Glas_2025-206x300.png 206w\" sizes=\"(max-width: 550px) 100vw, 550px\" \/>\t\t\t\t\t\t\t\t\t\t\t\t\t\t\t<\/div>\n\t\t\t\t<\/div>\n\t\t\t\t\t<\/div>\n\t\t<\/div>\n\t\t\t\t\t<\/div>\n\t\t<\/section>\n\t\t\t\t<section class=\"elementor-section elementor-top-section elementor-element elementor-element-18bd6ac elementor-section-height-min-height elementor-section-boxed elementor-section-height-default elementor-section-items-middle\" data-id=\"18bd6ac\" data-element_type=\"section\" data-e-type=\"section\" data-settings=\"{&quot;background_background&quot;:&quot;classic&quot;,&quot;_ha_eqh_enable&quot;:false}\">\n\t\t\t\t\t\t<div class=\"elementor-container elementor-column-gap-default\">\n\t\t\t\t\t<div class=\"elementor-column elementor-col-50 elementor-top-column elementor-element elementor-element-13a108df\" data-id=\"13a108df\" data-element_type=\"column\" data-e-type=\"column\">\n\t\t\t<div class=\"elementor-widget-wrap elementor-element-populated\">\n\t\t\t\t\t\t<div class=\"elementor-element elementor-element-4da04610 elementor-widget elementor-widget-heading\" data-id=\"4da04610\" data-element_type=\"widget\" data-e-type=\"widget\" data-settings=\"{&quot;_animation&quot;:&quot;none&quot;}\" data-widget_type=\"heading.default\">\n\t\t\t\t<div class=\"elementor-widget-container\">\n\t\t\t\t\t<h4 class=\"elementor-heading-title elementor-size-default\">VIND EN EKSKLUSIV PRIVAT SMAGNING<\/h4>\t\t\t\t<\/div>\n\t\t\t\t<\/div>\n\t\t\t\t<div class=\"elementor-element elementor-element-631ac7a1 animated-fast elementor-widget elementor-widget-heading\" data-id=\"631ac7a1\" data-element_type=\"widget\" data-e-type=\"widget\" data-settings=\"{&quot;_animation&quot;:&quot;none&quot;}\" data-widget_type=\"heading.default\">\n\t\t\t\t<div class=\"elementor-widget-container\">\n\t\t\t\t\t<h2 class=\"elementor-heading-title elementor-size-default\">20 gratis smagekasser \u2013 hver m\u00e5ned!<\/h2>\t\t\t\t<\/div>\n\t\t\t\t<\/div>\n\t\t\t\t<div class=\"elementor-element elementor-element-24a3c66b animated-fast elementor-widget elementor-widget-text-editor\" data-id=\"24a3c66b\" data-element_type=\"widget\" data-e-type=\"widget\" data-settings=\"{&quot;_animation&quot;:&quot;none&quot;}\" data-widget_type=\"text-editor.default\">\n\t\t\t\t<div class=\"elementor-widget-container\">\n\t\t\t\t\t\t\t\t\t<p>Hver m\u00e5ned inviterer vi 20 romelskere til at smage p\u00e5 9 forskellige A.H. Riise-varianter. Smagekassen indeholder 9 x 2 cl miniatures, som giver en unik rejse gennem vores smagsunivers. Sammen med kassen f\u00e5r du et link til et kort sp\u00f8rgeskema, hvor vi beder dig vurdere smagsoplevelsen.<\/p>\n<p>Blandt alle, der udfylder skemaet, tr\u00e6kker vi to gange \u00e5rligt lod om en eksklusiv privat smagning for op til 15 personer med en af vores brandambassad\u00f8rer.<\/p>\n\t\t\t\t\t\t\t\t<\/div>\n\t\t\t\t<\/div>\n\t\t\t\t<div class=\"elementor-element elementor-element-e64c3d6 elementor-widget elementor-widget-button\" data-id=\"e64c3d6\" data-element_type=\"widget\" data-e-type=\"widget\" data-widget_type=\"button.default\">\n\t\t\t\t<div class=\"elementor-widget-container\">\n\t\t\t\t\t\t\t\t\t<div class=\"elementor-button-wrapper\">\n\t\t\t\t\t<a class=\"elementor-button elementor-button-link elementor-size-sm\" href=\"mailto:mt@ahriisespirits.com?subject=DK-Tasting%20boxes%20&#038;body=Jeg%20vil%20gerne%20besvare%20et%20kort%20sp\u00f8rgeskema%20og%20deltage%20i%20lodtr\u00e6kningen%20om%20en%20smagekasse.\" target=\"_blank\" mailto=\"\">\n\t\t\t\t\t\t<span class=\"elementor-button-content-wrapper\">\n\t\t\t\t\t\t\t\t\t<span class=\"elementor-button-text\">Tilmeld dig her<\/span>\n\t\t\t\t\t<\/span>\n\t\t\t\t\t<\/a>\n\t\t\t\t<\/div>\n\t\t\t\t\t\t\t\t<\/div>\n\t\t\t\t<\/div>\n\t\t\t\t\t<\/div>\n\t\t<\/div>\n\t\t\t\t<div class=\"elementor-column elementor-col-50 elementor-top-column elementor-element elementor-element-35071f2e elementor-hidden-mobile\" data-id=\"35071f2e\" data-element_type=\"column\" data-e-type=\"column\">\n\t\t\t<div class=\"elementor-widget-wrap elementor-element-populated\">\n\t\t\t\t\t\t<div class=\"elementor-element elementor-element-18b2e59a elementor-widget elementor-widget-video\" data-id=\"18b2e59a\" data-element_type=\"widget\" data-e-type=\"widget\" data-settings=\"{&quot;youtube_url&quot;:&quot;https:\\\/\\\/youtube.com\\\/shorts\\\/8sBnWKREqSM?feature=share&quot;,&quot;video_type&quot;:&quot;youtube&quot;,&quot;controls&quot;:&quot;yes&quot;}\" data-widget_type=\"video.default\">\n\t\t\t\t<div class=\"elementor-widget-container\">\n\t\t\t\t\t\t\t<div class=\"elementor-wrapper elementor-open-inline\">\n\t\t\t<div class=\"elementor-video\"><\/div>\t\t<\/div>\n\t\t\t\t\t\t<\/div>\n\t\t\t\t<\/div>\n\t\t\t\t\t<\/div>\n\t\t<\/div>\n\t\t\t\t\t<\/div>\n\t\t<\/section>\n\t\t\t\t<section class=\"elementor-section elementor-top-section elementor-element elementor-element-89c9012 elementor-section-boxed elementor-section-height-default elementor-section-height-default\" data-id=\"89c9012\" data-element_type=\"section\" data-e-type=\"section\" data-settings=\"{&quot;background_background&quot;:&quot;classic&quot;,&quot;_ha_eqh_enable&quot;:false}\">\n\t\t\t\t\t\t<div class=\"elementor-container elementor-column-gap-default\">\n\t\t\t\t\t<div class=\"elementor-column elementor-col-100 elementor-top-column elementor-element elementor-element-659f228\" data-id=\"659f228\" data-element_type=\"column\" data-e-type=\"column\">\n\t\t\t<div class=\"elementor-widget-wrap elementor-element-populated\">\n\t\t\t\t\t\t<div class=\"elementor-element elementor-element-3ef5aef elementor-widget elementor-widget-shortcode\" data-id=\"3ef5aef\" data-element_type=\"widget\" data-e-type=\"widget\" data-widget_type=\"shortcode.default\">\n\t\t\t\t<div class=\"elementor-widget-container\">\n\t\t\t\t\t\t\t<div class=\"elementor-shortcode\">\t\t<div class=\"main-dv\">\n\t\t\t\t\t\t\t<div class=\"ct_first_post\">\n\t\t\t\t\t\t\t<div class=\"blog-left\">\n\t\t\t\t\t\t\t\t<a href=\"https:\/\/oldstcroix.com\/da\/article\/xo-quiz-tid-trae-og-sjaelen-i-glasset\/\">\n\t\t\t\t\t\t\t\t\t<div class=\"blog-content\" style=\"background-image:url('https:\/\/oldstcroix.com\/wp-content\/uploads\/2026\/04\/KlosterQuizTop_Desktop.jpg')\">\n\t\t\t\t\t\t\t\t\t\t<p class=\"blog-cat-name\">Quiz<\/p>\n\t\t\t\t\t\t\t\t\t\t<h1>Quiz: XO &#8211; Tid, tr\u00e6 og sj\u00e6len i glasset<\/h1>\n\t\t\t\t\t\t\t\t\t\t<p class=\"blog-excerpt\">\n\t\t\t\t\t\t\t\t\t\tHvor meget ved du om XO Serien? Test din viden omkring \"XO\" og muligheden for at vinde en flaske Old St. Croix XO Legacy Reserve.<\/p>\n\t\t\t\t\t\t\t\t\t<\/div>\n\t\t\t\t\t\t\t\t<\/a>\n\t\t\t\t\t\t\t<\/div>\t\n\t\t\t\t\t\t<\/div>\n\t\t\t\t\t\t\t\t\t\t\n\t\t\t\t\t\t\t\t\t\t\t\t<div class=\"ct_second_post\">\n\t\t\t\t\t\t\t\n\t\t\t\t\t\t<div class=\"blog-right\">\n\t\t\t\t\t\t\t\t<a href=\"https:\/\/oldstcroix.com\/da\/article\/kom-i-paaskestemning-med-old-st-croix\/\">\n\t\t\t\t\t\t\t\t\t<div class=\"blog-content\" style=\"background-image:url('https:\/\/oldstcroix.com\/wp-content\/uploads\/2025\/04\/paaske2026_top_desktop.jpg')\">\n\t\t\t\t\t\t\t\t\t\t<p class=\"blog-cat-name\">Produkter<\/p>\n\t\t\t\t\t\t\t\t\t\t<h1>Kom i P\u00e5skestemning med Old St. Croix<\/h1>\n\t\t\t\t\t\t\t\t\t\t<p class=\"blog-excerpt\">\n\t\t\t\t\t\t\t\t\t\tP\u00e5sken st\u00e5r for d\u00f8ren, og det er tid til at nyde for\u00e5ret med familie og venner!<\/p>\n\t\t\t\t\t\t\t\t\t<\/div>\n\t\t\t\t\t\t\t\t<\/a>\n\t\t\t\t\t\t<\/div>\n\t\t\t\t\t\t\n\t\t\t\t\t\t<div class=\"blog-right\">\n\t\t\t\t\t\t\t\t<a href=\"https:\/\/oldstcroix.com\/da\/article\/smag-copenhagen-medal-i-butikken\/\">\n\t\t\t\t\t\t\t\t\t<div class=\"blog-content\" style=\"background-image:url('https:\/\/oldstcroix.com\/wp-content\/uploads\/2022\/01\/XO_CPHmedal.jpg')\">\n\t\t\t\t\t\t\t\t\t\t<p class=\"blog-cat-name\">Produkter<\/p>\n\t\t\t\t\t\t\t\t\t\t<h1>Smag Copenhagen Medal i butikken<\/h1>\n\t\t\t\t\t\t\t\t\t\t<p class=\"blog-excerpt\">\n\t\t\t\t\t\t\t\t\t\tNetop nu byder en r\u00e6kke af vores forhandlere p\u00e5 smagspr\u00f8ver af Old St. Croix Copenhagen Medal.<\/p>\n\t\t\t\t\t\t\t\t\t<\/div>\n\t\t\t\t\t\t\t\t<\/a>\n\t\t\t\t\t\t<\/div>\n\t\t\t\t\t\t\t\t\t\t\t\t<\/div>\n\t\t\t\t\t\t\t\n\t<\/div>\n\t<\/div>\n\t\t\t\t\t\t<\/div>\n\t\t\t\t<\/div>\n\t\t\t\t\t<\/div>\n\t\t<\/div>\n\t\t\t\t\t<\/div>\n\t\t<\/section>\n\t\t\t\t<\/div>\n\t\t","protected":false},"excerpt":{"rendered":"<p>A.H. Riise bliver til Old St. Croix Et historisk navn vender tilbage Nyt navn Nyt design &#8211; samme l\u00e6kre smag Old St. Croix var allerede i brug i 1870\u2019erne, da Albert Heinrich Riise begyndte at eksportere sine vestindiske blends. Nu bringer vi det historiske navn tilbage \u2013 st\u00e6rkere end nogensinde. Old St. Croix knytter os [&hellip;]<\/p>\n","protected":false},"author":65,"featured_media":0,"parent":0,"menu_order":0,"comment_status":"closed","ping_status":"closed","template":"","meta":{"_acf_changed":false,"footnotes":""},"class_list":["post-31653","page","type-page","status-publish","hentry"],"acf":[],"yoast_head":"<!-- This site is optimized with the Yoast SEO plugin v27.2 - https:\/\/yoast.com\/product\/yoast-seo-wordpress\/ -->\n<title>More info - Old St. Croix<\/title>\n<meta name=\"robots\" content=\"index, follow, max-snippet:-1, max-image-preview:large, max-video-preview:-1\" \/>\n<link rel=\"canonical\" href=\"https:\/\/oldstcroix.com\/moreinfo\/\" \/>\n<meta property=\"og:locale\" content=\"da_DK\" \/>\n<meta property=\"og:type\" content=\"article\" \/>\n<meta property=\"og:title\" content=\"More info - Old St. Croix\" \/>\n<meta property=\"og:description\" content=\"A.H. Riise bliver til Old St. Croix Et historisk navn vender tilbage Nyt navn Nyt design &#8211; samme l\u00e6kre smag Old St. Croix var allerede i brug i 1870\u2019erne, da Albert Heinrich Riise begyndte at eksportere sine vestindiske blends. Nu bringer vi det historiske navn tilbage \u2013 st\u00e6rkere end nogensinde. Old St. Croix knytter os [&hellip;]\" \/>\n<meta property=\"og:url\" content=\"https:\/\/oldstcroix.com\/moreinfo\/\" \/>\n<meta property=\"og:site_name\" content=\"Old St. Croix\" \/>\n<meta property=\"article:modified_time\" content=\"2025-06-15T06:33:00+00:00\" \/>\n<meta property=\"og:image\" content=\"https:\/\/oldstcroix.com\/wp-content\/uploads\/2025\/06\/mobible_down.png\" \/>\n\t<meta property=\"og:image:width\" content=\"50\" \/>\n\t<meta property=\"og:image:height\" content=\"50\" \/>\n\t<meta property=\"og:image:type\" content=\"image\/png\" \/>\n<meta name=\"twitter:card\" content=\"summary_large_image\" \/>\n<meta name=\"twitter:label1\" content=\"Estimeret l\u00e6setid\" \/>\n\t<meta name=\"twitter:data1\" content=\"1 minut\" \/>\n<script type=\"application\/ld+json\" class=\"yoast-schema-graph\">{\"@context\":\"https:\/\/schema.org\",\"@graph\":[{\"@type\":\"WebPage\",\"@id\":\"https:\/\/oldstcroix.com\/moreinfo\/\",\"url\":\"https:\/\/oldstcroix.com\/moreinfo\/\",\"name\":\"More info - Old St. Croix\",\"isPartOf\":{\"@id\":\"https:\/\/oldstcroix.com\/#website\"},\"primaryImageOfPage\":{\"@id\":\"https:\/\/oldstcroix.com\/moreinfo\/#primaryimage\"},\"image\":{\"@id\":\"https:\/\/oldstcroix.com\/moreinfo\/#primaryimage\"},\"thumbnailUrl\":\"https:\/\/oldstcroix.com\/wp-content\/uploads\/2025\/06\/mobible_down.png\",\"datePublished\":\"2025-06-04T13:48:14+00:00\",\"dateModified\":\"2025-06-15T06:33:00+00:00\",\"breadcrumb\":{\"@id\":\"https:\/\/oldstcroix.com\/moreinfo\/#breadcrumb\"},\"inLanguage\":\"da-DK\",\"potentialAction\":[{\"@type\":\"ReadAction\",\"target\":[\"https:\/\/oldstcroix.com\/moreinfo\/\"]}]},{\"@type\":\"ImageObject\",\"inLanguage\":\"da-DK\",\"@id\":\"https:\/\/oldstcroix.com\/moreinfo\/#primaryimage\",\"url\":\"https:\/\/oldstcroix.com\/wp-content\/uploads\/2025\/06\/mobible_down.png\",\"contentUrl\":\"https:\/\/oldstcroix.com\/wp-content\/uploads\/2025\/06\/mobible_down.png\"},{\"@type\":\"BreadcrumbList\",\"@id\":\"https:\/\/oldstcroix.com\/moreinfo\/#breadcrumb\",\"itemListElement\":[{\"@type\":\"ListItem\",\"position\":1,\"name\":\"Home\",\"item\":\"https:\/\/oldstcroix.com\/\"},{\"@type\":\"ListItem\",\"position\":2,\"name\":\"More info\"}]},{\"@type\":\"WebSite\",\"@id\":\"https:\/\/oldstcroix.com\/#website\",\"url\":\"https:\/\/oldstcroix.com\/\",\"name\":\"Old St. Croix\",\"description\":\"History distilled\",\"publisher\":{\"@id\":\"https:\/\/oldstcroix.com\/#organization\"},\"potentialAction\":[{\"@type\":\"SearchAction\",\"target\":{\"@type\":\"EntryPoint\",\"urlTemplate\":\"https:\/\/oldstcroix.com\/?s={search_term_string}\"},\"query-input\":{\"@type\":\"PropertyValueSpecification\",\"valueRequired\":true,\"valueName\":\"search_term_string\"}}],\"inLanguage\":\"da-DK\"},{\"@type\":\"Organization\",\"@id\":\"https:\/\/oldstcroix.com\/#organization\",\"name\":\"Old St. Croix\",\"url\":\"https:\/\/oldstcroix.com\/\",\"logo\":{\"@type\":\"ImageObject\",\"inLanguage\":\"da-DK\",\"@id\":\"https:\/\/oldstcroix.com\/#\/schema\/logo\/image\/\",\"url\":\"https:\/\/oldstcroix.com\/wp-content\/uploads\/2025\/06\/cropped-LOGO-1.png\",\"contentUrl\":\"https:\/\/oldstcroix.com\/wp-content\/uploads\/2025\/06\/cropped-LOGO-1.png\",\"width\":251,\"height\":112,\"caption\":\"Old St. Croix\"},\"image\":{\"@id\":\"https:\/\/oldstcroix.com\/#\/schema\/logo\/image\/\"}}]}<\/script>\n<!-- \/ Yoast SEO plugin. -->","yoast_head_json":{"title":"More info - Old St. Croix","robots":{"index":"index","follow":"follow","max-snippet":"max-snippet:-1","max-image-preview":"max-image-preview:large","max-video-preview":"max-video-preview:-1"},"canonical":"https:\/\/oldstcroix.com\/moreinfo\/","og_locale":"da_DK","og_type":"article","og_title":"More info - Old St. Croix","og_description":"A.H. Riise bliver til Old St. Croix Et historisk navn vender tilbage Nyt navn Nyt design &#8211; samme l\u00e6kre smag Old St. Croix var allerede i brug i 1870\u2019erne, da Albert Heinrich Riise begyndte at eksportere sine vestindiske blends. Nu bringer vi det historiske navn tilbage \u2013 st\u00e6rkere end nogensinde. Old St. Croix knytter os [&hellip;]","og_url":"https:\/\/oldstcroix.com\/moreinfo\/","og_site_name":"Old St. Croix","article_modified_time":"2025-06-15T06:33:00+00:00","og_image":[{"width":50,"height":50,"url":"https:\/\/oldstcroix.com\/wp-content\/uploads\/2025\/06\/mobible_down.png","type":"image\/png"}],"twitter_card":"summary_large_image","twitter_misc":{"Estimeret l\u00e6setid":"1 minut"},"schema":{"@context":"https:\/\/schema.org","@graph":[{"@type":"WebPage","@id":"https:\/\/oldstcroix.com\/moreinfo\/","url":"https:\/\/oldstcroix.com\/moreinfo\/","name":"More info - Old St. Croix","isPartOf":{"@id":"https:\/\/oldstcroix.com\/#website"},"primaryImageOfPage":{"@id":"https:\/\/oldstcroix.com\/moreinfo\/#primaryimage"},"image":{"@id":"https:\/\/oldstcroix.com\/moreinfo\/#primaryimage"},"thumbnailUrl":"https:\/\/oldstcroix.com\/wp-content\/uploads\/2025\/06\/mobible_down.png","datePublished":"2025-06-04T13:48:14+00:00","dateModified":"2025-06-15T06:33:00+00:00","breadcrumb":{"@id":"https:\/\/oldstcroix.com\/moreinfo\/#breadcrumb"},"inLanguage":"da-DK","potentialAction":[{"@type":"ReadAction","target":["https:\/\/oldstcroix.com\/moreinfo\/"]}]},{"@type":"ImageObject","inLanguage":"da-DK","@id":"https:\/\/oldstcroix.com\/moreinfo\/#primaryimage","url":"https:\/\/oldstcroix.com\/wp-content\/uploads\/2025\/06\/mobible_down.png","contentUrl":"https:\/\/oldstcroix.com\/wp-content\/uploads\/2025\/06\/mobible_down.png"},{"@type":"BreadcrumbList","@id":"https:\/\/oldstcroix.com\/moreinfo\/#breadcrumb","itemListElement":[{"@type":"ListItem","position":1,"name":"Home","item":"https:\/\/oldstcroix.com\/"},{"@type":"ListItem","position":2,"name":"More info"}]},{"@type":"WebSite","@id":"https:\/\/oldstcroix.com\/#website","url":"https:\/\/oldstcroix.com\/","name":"Old St. Croix","description":"History distilled","publisher":{"@id":"https:\/\/oldstcroix.com\/#organization"},"potentialAction":[{"@type":"SearchAction","target":{"@type":"EntryPoint","urlTemplate":"https:\/\/oldstcroix.com\/?s={search_term_string}"},"query-input":{"@type":"PropertyValueSpecification","valueRequired":true,"valueName":"search_term_string"}}],"inLanguage":"da-DK"},{"@type":"Organization","@id":"https:\/\/oldstcroix.com\/#organization","name":"Old St. Croix","url":"https:\/\/oldstcroix.com\/","logo":{"@type":"ImageObject","inLanguage":"da-DK","@id":"https:\/\/oldstcroix.com\/#\/schema\/logo\/image\/","url":"https:\/\/oldstcroix.com\/wp-content\/uploads\/2025\/06\/cropped-LOGO-1.png","contentUrl":"https:\/\/oldstcroix.com\/wp-content\/uploads\/2025\/06\/cropped-LOGO-1.png","width":251,"height":112,"caption":"Old St. Croix"},"image":{"@id":"https:\/\/oldstcroix.com\/#\/schema\/logo\/image\/"}}]}},"_links":{"self":[{"href":"https:\/\/oldstcroix.com\/da\/wp-json\/wp\/v2\/pages\/31653","targetHints":{"allow":["GET"]}}],"collection":[{"href":"https:\/\/oldstcroix.com\/da\/wp-json\/wp\/v2\/pages"}],"about":[{"href":"https:\/\/oldstcroix.com\/da\/wp-json\/wp\/v2\/types\/page"}],"author":[{"embeddable":true,"href":"https:\/\/oldstcroix.com\/da\/wp-json\/wp\/v2\/users\/65"}],"replies":[{"embeddable":true,"href":"https:\/\/oldstcroix.com\/da\/wp-json\/wp\/v2\/comments?post=31653"}],"version-history":[{"count":0,"href":"https:\/\/oldstcroix.com\/da\/wp-json\/wp\/v2\/pages\/31653\/revisions"}],"wp:attachment":[{"href":"https:\/\/oldstcroix.com\/da\/wp-json\/wp\/v2\/media?parent=31653"}],"curies":[{"name":"wp","href":"https:\/\/api.w.org\/{rel}","templated":true}]}}