{"id":12016,"date":"2022-02-03T09:00:31","date_gmt":"2022-02-03T09:00:31","guid":{"rendered":"http:\/\/oldstcroixcom.kinsta.cloud\/cookie-declaration\/"},"modified":"2024-08-21T09:33:26","modified_gmt":"2024-08-21T08:33:26","slug":"cookie-declaration","status":"publish","type":"page","link":"https:\/\/oldstcroix.com\/de\/cookie-declaration\/","title":{"rendered":"Cookie declaration"},"content":{"rendered":"\t\t<div data-elementor-type=\"wp-page\" data-elementor-id=\"12016\" class=\"elementor elementor-12016 elementor-6655\" data-elementor-settings=\"{&quot;ha_cmc_init_switcher&quot;:&quot;no&quot;}\" data-elementor-post-type=\"page\">\n\t\t\t\t\t\t<section class=\"elementor-section elementor-top-section elementor-element elementor-element-d6e0636 elementor-section-height-min-height elementor-section-items-bottom elementor-section-boxed elementor-section-height-default\" data-id=\"d6e0636\" data-element_type=\"section\" data-e-type=\"section\" data-settings=\"{&quot;background_background&quot;:&quot;classic&quot;,&quot;_ha_eqh_enable&quot;:false}\">\n\t\t\t\t\t\t\t<div class=\"elementor-background-overlay\"><\/div>\n\t\t\t\t\t\t\t<div class=\"elementor-container elementor-column-gap-default\">\n\t\t\t\t\t<div class=\"elementor-column elementor-col-50 elementor-top-column elementor-element elementor-element-d80ad12\" data-id=\"d80ad12\" data-element_type=\"column\" data-e-type=\"column\">\n\t\t\t<div class=\"elementor-widget-wrap elementor-element-populated\">\n\t\t\t\t\t\t<div class=\"elementor-element elementor-element-7818e0e elementor-invisible elementor-widget elementor-widget-heading\" data-id=\"7818e0e\" data-element_type=\"widget\" data-e-type=\"widget\" data-settings=\"{&quot;_animation&quot;:&quot;fadeInUp&quot;}\" data-widget_type=\"heading.default\">\n\t\t\t\t<div class=\"elementor-widget-container\">\n\t\t\t\t\t<h2 class=\"elementor-heading-title elementor-size-default\">Cookie-Erkl\u00e4rung<\/h2>\t\t\t\t<\/div>\n\t\t\t\t<\/div>\n\t\t\t\t<div class=\"elementor-element elementor-element-c428c6c animated-fast elementor-invisible elementor-widget elementor-widget-text-editor\" data-id=\"c428c6c\" data-element_type=\"widget\" data-e-type=\"widget\" data-settings=\"{&quot;_animation&quot;:&quot;fadeInUp&quot;,&quot;_animation_delay&quot;:1000}\" data-widget_type=\"text-editor.default\">\n\t\t\t\t<div class=\"elementor-widget-container\">\n\t\t\t\t\t\t\t\t\t<p>Das perfekte Benutzererlebnis<\/p>\n\t\t\t\t\t\t\t\t<\/div>\n\t\t\t\t<\/div>\n\t\t\t\t<div class=\"elementor-element elementor-element-3c0c510 elementor-widget-mobile__width-inherit elementor-absolute elementor-hidden-desktop elementor-hidden-tablet elementor-widget elementor-widget-image\" data-id=\"3c0c510\" data-element_type=\"widget\" data-e-type=\"widget\" data-settings=\"{&quot;_position&quot;:&quot;absolute&quot;}\" data-widget_type=\"image.default\">\n\t\t\t\t<div class=\"elementor-widget-container\">\n\t\t\t\t\t\t\t\t\t\t\t\t\t\t\t<img decoding=\"async\" width=\"50\" height=\"50\" src=\"https:\/\/oldstcroix.com\/wp-content\/uploads\/2021\/12\/mobible_down.png\" class=\"attachment-large size-large wp-image-4995\" alt=\"mobible down\" \/>\t\t\t\t\t\t\t\t\t\t\t\t\t\t\t<\/div>\n\t\t\t\t<\/div>\n\t\t\t\t\t<\/div>\n\t\t<\/div>\n\t\t\t\t<div class=\"elementor-column elementor-col-50 elementor-top-column elementor-element elementor-element-a6275ab\" data-id=\"a6275ab\" data-element_type=\"column\" data-e-type=\"column\">\n\t\t\t<div class=\"elementor-widget-wrap\">\n\t\t\t\t\t\t\t<\/div>\n\t\t<\/div>\n\t\t\t\t\t<\/div>\n\t\t<\/section>\n\t\t\t\t<section class=\"elementor-section elementor-top-section elementor-element elementor-element-e238d7f elementor-section-boxed elementor-section-height-default elementor-section-height-default\" data-id=\"e238d7f\" data-element_type=\"section\" data-e-type=\"section\" data-settings=\"{&quot;background_background&quot;:&quot;classic&quot;,&quot;_ha_eqh_enable&quot;:false}\">\n\t\t\t\t\t\t\t<div class=\"elementor-background-overlay\"><\/div>\n\t\t\t\t\t\t\t<div class=\"elementor-container elementor-column-gap-default\">\n\t\t\t\t\t<div class=\"elementor-column elementor-col-100 elementor-top-column elementor-element elementor-element-ee3ba80\" data-id=\"ee3ba80\" data-element_type=\"column\" data-e-type=\"column\">\n\t\t\t<div class=\"elementor-widget-wrap elementor-element-populated\">\n\t\t\t\t\t\t<div class=\"elementor-element elementor-element-b904d96 elementor-widget elementor-widget-text-editor\" data-id=\"b904d96\" data-element_type=\"widget\" data-e-type=\"widget\" data-widget_type=\"text-editor.default\">\n\t\t\t\t<div class=\"elementor-widget-container\">\n\t\t\t\t\t\t\t\t\t<p>Diese Seite wird von CookieBot verwaltet<\/p>\n\t\t\t\t\t\t\t\t<\/div>\n\t\t\t\t<\/div>\n\t\t\t\t<div class=\"elementor-element elementor-element-7ff6dfb elementor-widget elementor-widget-heading\" data-id=\"7ff6dfb\" data-element_type=\"widget\" data-e-type=\"widget\" data-widget_type=\"heading.default\">\n\t\t\t\t<div class=\"elementor-widget-container\">\n\t\t\t\t\t<h2 class=\"elementor-heading-title elementor-size-default\"><br>\u00dcber unsere Cookies<\/h2>\t\t\t\t<\/div>\n\t\t\t\t<\/div>\n\t\t\t\t\t<\/div>\n\t\t<\/div>\n\t\t\t\t\t<\/div>\n\t\t<\/section>\n\t\t\t\t<section class=\"elementor-section elementor-top-section elementor-element elementor-element-7741a1d elementor-section-boxed elementor-section-height-default elementor-section-height-default\" data-id=\"7741a1d\" data-element_type=\"section\" data-e-type=\"section\" data-settings=\"{&quot;background_background&quot;:&quot;classic&quot;,&quot;_ha_eqh_enable&quot;:false}\">\n\t\t\t\t\t\t\t<div class=\"elementor-background-overlay\"><\/div>\n\t\t\t\t\t\t\t<div class=\"elementor-container elementor-column-gap-default\">\n\t\t\t\t\t<div class=\"elementor-column elementor-col-100 elementor-top-column elementor-element elementor-element-fb43bac\" data-id=\"fb43bac\" data-element_type=\"column\" data-e-type=\"column\">\n\t\t\t<div class=\"elementor-widget-wrap elementor-element-populated\">\n\t\t\t\t\t\t<div class=\"elementor-element elementor-element-cc70f88 elementor-widget elementor-widget-html\" data-id=\"cc70f88\" data-element_type=\"widget\" data-e-type=\"widget\" data-widget_type=\"html.default\">\n\t\t\t\t<div class=\"elementor-widget-container\">\n\t\t\t\t\t<script id=\"CookieDeclaration\" src=\"https:\/\/consent.cookiebot.com\/eb74c408-3bba-48e2-bead-7b2250a90f05\/cd.js\" type=\"text\/javascript\" async><\/script>\t\t\t\t<\/div>\n\t\t\t\t<\/div>\n\t\t\t\t\t<\/div>\n\t\t<\/div>\n\t\t\t\t\t<\/div>\n\t\t<\/section>\n\t\t\t\t<section class=\"elementor-section elementor-top-section elementor-element elementor-element-701a22a blog_pos-width elementor-section-boxed elementor-section-height-default elementor-section-height-default\" data-id=\"701a22a\" data-element_type=\"section\" data-e-type=\"section\" data-settings=\"{&quot;background_background&quot;:&quot;classic&quot;,&quot;_ha_eqh_enable&quot;:false}\">\n\t\t\t\t\t\t<div class=\"elementor-container elementor-column-gap-default\">\n\t\t\t\t\t<div class=\"elementor-column elementor-col-100 elementor-top-column elementor-element elementor-element-abdb23b\" data-id=\"abdb23b\" data-element_type=\"column\" data-e-type=\"column\">\n\t\t\t<div class=\"elementor-widget-wrap elementor-element-populated\">\n\t\t\t\t\t\t<div class=\"elementor-element elementor-element-a121ccf elementor-widget elementor-widget-shortcode\" data-id=\"a121ccf\" data-element_type=\"widget\" data-e-type=\"widget\" data-widget_type=\"shortcode.default\">\n\t\t\t\t<div class=\"elementor-widget-container\">\n\t\t\t\t\t\t\t<div class=\"elementor-shortcode\">\t\t<div class=\"main-dv\">\n\t\t\t\t\t\t\t<div class=\"ct_first_post\">\n\t\t\t\t\t\t\t<div class=\"blog-left\">\n\t\t\t\t\t\t\t\t<a href=\"https:\/\/oldstcroix.com\/de\/article\/zeit-holz-und-die-seele-im-glas\/\">\n\t\t\t\t\t\t\t\t\t<div class=\"blog-content\" style=\"background-image:url('https:\/\/oldstcroix.com\/wp-content\/uploads\/2026\/04\/KlosterQuizTop_Desktop.jpg')\">\n\t\t\t\t\t\t\t\t\t\t<p class=\"blog-cat-name\">Quiz<\/p>\n\t\t\t\t\t\t\t\t\t\t<h1>Quiz: XO &#8211; Zeit, Holz und die Seele im Glas<\/h1>\n\t\t\t\t\t\t\t\t\t\t<p class=\"blog-excerpt\">\n\t\t\t\t\t\t\t\t\t\tWie viel wei\u00dft du \u00fcber XO Reserve? Teste dein Wissen \u00fcber \u201eXO\u201c und erhalte die Chance, Old St. Croix XO Legacy Reserve zu gewinnen!<\/p>\n\t\t\t\t\t\t\t\t\t<\/div>\n\t\t\t\t\t\t\t\t<\/a>\n\t\t\t\t\t\t\t<\/div>\t\n\t\t\t\t\t\t<\/div>\n\t\t\t\t\t\t\t\t\t\t\n\t\t\t\t\t\t\t\t\t\t\t\t<div class=\"ct_second_post\">\n\t\t\t\t\t\t\t\n\t\t\t\t\t\t<div class=\"blog-right\">\n\t\t\t\t\t\t\t\t<a href=\"https:\/\/oldstcroix.com\/de\/article\/kommen-sie-in-osterstimmung-mit-old-st-croix\/\">\n\t\t\t\t\t\t\t\t\t<div class=\"blog-content\" style=\"background-image:url('https:\/\/oldstcroix.com\/wp-content\/uploads\/2025\/04\/paaske2026_top_desktop.jpg')\">\n\t\t\t\t\t\t\t\t\t\t<p class=\"blog-cat-name\">Produkte<\/p>\n\t\t\t\t\t\t\t\t\t\t<h1>Kommen Sie in Osterstimmung mit Old St. Croix<\/h1>\n\t\t\t\t\t\t\t\t\t\t<p class=\"blog-excerpt\">\n\t\t\t\t\t\t\t\t\t\tOstern steht vor der T\u00fcr, und es ist Zeit, den Fr\u00fchling mit Familie und Freunden zu genie\u00dfen!<\/p>\n\t\t\t\t\t\t\t\t\t<\/div>\n\t\t\t\t\t\t\t\t<\/a>\n\t\t\t\t\t\t<\/div>\n\t\t\t\t\t\t\n\t\t\t\t\t\t<div class=\"blog-right\">\n\t\t\t\t\t\t\t\t<a href=\"https:\/\/oldstcroix.com\/de\/article\/ueberrasche-mit-einem-einzigartigen-valentinstagsgeschenk\/\">\n\t\t\t\t\t\t\t\t\t<div class=\"blog-content\" style=\"background-image:url('https:\/\/oldstcroix.com\/wp-content\/uploads\/2026\/01\/Lovemore_web_DESKTOP_TOP_2026.jpg')\">\n\t\t\t\t\t\t\t\t\t\t<p class=\"blog-cat-name\">Produkte<\/p>\n\t\t\t\t\t\t\t\t\t\t<h1>\u00dcberrasche mit einem einzigartigen Valentinstagsgeschenk<\/h1>\n\t\t\t\t\t\t\t\t\t\t<p class=\"blog-excerpt\">\n\t\t\t\t\t\t\t\t\t\tValentinstag steht vor der T\u00fcr, und was gibt es Besseres, als jemanden, den Sie lieben, mit einem Geschenk der besonderen Art zu verw\u00f6hnen? <\/p>\n\t\t\t\t\t\t\t\t\t<\/div>\n\t\t\t\t\t\t\t\t<\/a>\n\t\t\t\t\t\t<\/div>\n\t\t\t\t\t\t\t\t\t\t\t\t<\/div>\n\t\t\t\t\t\t\t\n\t<\/div>\n\t<\/div>\n\t\t\t\t\t\t<\/div>\n\t\t\t\t<\/div>\n\t\t\t\t\t<\/div>\n\t\t<\/div>\n\t\t\t\t\t<\/div>\n\t\t<\/section>\n\t\t\t\t<\/div>\n\t\t","protected":false},"excerpt":{"rendered":"<p>Cookie-Erkl\u00e4rung Das perfekte Benutzererlebnis Diese Seite wird von CookieBot verwaltet \u00dcber unsere Cookies<\/p>\n","protected":false},"author":1,"featured_media":0,"parent":0,"menu_order":50,"comment_status":"closed","ping_status":"closed","template":"","meta":{"_acf_changed":false,"footnotes":""},"class_list":["post-12016","page","type-page","status-publish","hentry"],"acf":[],"yoast_head":"<!-- This site is optimized with the Yoast SEO plugin v27.2 - https:\/\/yoast.com\/product\/yoast-seo-wordpress\/ -->\n<title>Cookie-Erkl\u00e4rung - A.H. Riises Transparenz<\/title>\n<meta name=\"description\" content=\"A.H. Riises Cookie-Erkl\u00e4rung informiert \u00fcber die Verwendung von Cookies auf unserer Website und wie wir sie nutzen.\" \/>\n<meta name=\"robots\" content=\"index, follow, max-snippet:-1, max-image-preview:large, max-video-preview:-1\" \/>\n<link rel=\"canonical\" href=\"https:\/\/oldstcroix.com\/cookie-declaration\/\" \/>\n<meta property=\"og:locale\" content=\"de_DE\" \/>\n<meta property=\"og:type\" content=\"article\" \/>\n<meta property=\"og:title\" content=\"Cookie-Erkl\u00e4rung - A.H. Riises Transparenz\" \/>\n<meta property=\"og:description\" content=\"A.H. Riises Cookie-Erkl\u00e4rung informiert \u00fcber die Verwendung von Cookies auf unserer Website und wie wir sie nutzen.\" \/>\n<meta property=\"og:url\" content=\"https:\/\/oldstcroix.com\/cookie-declaration\/\" \/>\n<meta property=\"og:site_name\" content=\"Old St. Croix\" \/>\n<meta property=\"article:modified_time\" content=\"2024-08-21T08:33:26+00:00\" \/>\n<meta property=\"og:image\" content=\"https:\/\/oldstcroix.com\/wp-content\/uploads\/2021\/12\/mobible_down.png\" \/>\n<meta name=\"twitter:card\" content=\"summary_large_image\" \/>\n<meta name=\"twitter:label1\" content=\"Gesch\u00e4tzte Lesezeit\" \/>\n\t<meta name=\"twitter:data1\" content=\"1\u00a0Minute\" \/>\n<script type=\"application\/ld+json\" class=\"yoast-schema-graph\">{\"@context\":\"https:\/\/schema.org\",\"@graph\":[{\"@type\":\"WebPage\",\"@id\":\"https:\/\/oldstcroix.com\/cookie-declaration\/\",\"url\":\"https:\/\/oldstcroix.com\/cookie-declaration\/\",\"name\":\"Cookie-Erkl\u00e4rung - A.H. Riises Transparenz\",\"isPartOf\":{\"@id\":\"https:\/\/oldstcroix.com\/#website\"},\"primaryImageOfPage\":{\"@id\":\"https:\/\/oldstcroix.com\/cookie-declaration\/#primaryimage\"},\"image\":{\"@id\":\"https:\/\/oldstcroix.com\/cookie-declaration\/#primaryimage\"},\"thumbnailUrl\":\"https:\/\/oldstcroix.com\/wp-content\/uploads\/2021\/12\/mobible_down.png\",\"datePublished\":\"2022-02-03T09:00:31+00:00\",\"dateModified\":\"2024-08-21T08:33:26+00:00\",\"description\":\"A.H. Riises Cookie-Erkl\u00e4rung informiert \u00fcber die Verwendung von Cookies auf unserer Website und wie wir sie nutzen.\",\"breadcrumb\":{\"@id\":\"https:\/\/oldstcroix.com\/cookie-declaration\/#breadcrumb\"},\"inLanguage\":\"de\",\"potentialAction\":[{\"@type\":\"ReadAction\",\"target\":[\"https:\/\/oldstcroix.com\/cookie-declaration\/\"]}]},{\"@type\":\"ImageObject\",\"inLanguage\":\"de\",\"@id\":\"https:\/\/oldstcroix.com\/cookie-declaration\/#primaryimage\",\"url\":\"https:\/\/oldstcroix.com\/wp-content\/uploads\/2021\/12\/mobible_down.png\",\"contentUrl\":\"https:\/\/oldstcroix.com\/wp-content\/uploads\/2021\/12\/mobible_down.png\"},{\"@type\":\"BreadcrumbList\",\"@id\":\"https:\/\/oldstcroix.com\/cookie-declaration\/#breadcrumb\",\"itemListElement\":[{\"@type\":\"ListItem\",\"position\":1,\"name\":\"Home\",\"item\":\"https:\/\/oldstcroix.com\/\"},{\"@type\":\"ListItem\",\"position\":2,\"name\":\"Cookie declaration\"}]},{\"@type\":\"WebSite\",\"@id\":\"https:\/\/oldstcroix.com\/#website\",\"url\":\"https:\/\/oldstcroix.com\/\",\"name\":\"Old St. Croix\",\"description\":\"History distilled\",\"publisher\":{\"@id\":\"https:\/\/oldstcroix.com\/#organization\"},\"potentialAction\":[{\"@type\":\"SearchAction\",\"target\":{\"@type\":\"EntryPoint\",\"urlTemplate\":\"https:\/\/oldstcroix.com\/?s={search_term_string}\"},\"query-input\":{\"@type\":\"PropertyValueSpecification\",\"valueRequired\":true,\"valueName\":\"search_term_string\"}}],\"inLanguage\":\"de\"},{\"@type\":\"Organization\",\"@id\":\"https:\/\/oldstcroix.com\/#organization\",\"name\":\"Old St. Croix\",\"url\":\"https:\/\/oldstcroix.com\/\",\"logo\":{\"@type\":\"ImageObject\",\"inLanguage\":\"de\",\"@id\":\"https:\/\/oldstcroix.com\/#\/schema\/logo\/image\/\",\"url\":\"https:\/\/oldstcroix.com\/wp-content\/uploads\/2025\/06\/cropped-LOGO-1.png\",\"contentUrl\":\"https:\/\/oldstcroix.com\/wp-content\/uploads\/2025\/06\/cropped-LOGO-1.png\",\"width\":251,\"height\":112,\"caption\":\"Old St. Croix\"},\"image\":{\"@id\":\"https:\/\/oldstcroix.com\/#\/schema\/logo\/image\/\"}}]}<\/script>\n<!-- \/ Yoast SEO plugin. -->","yoast_head_json":{"title":"Cookie-Erkl\u00e4rung - A.H. Riises Transparenz","description":"A.H. Riises Cookie-Erkl\u00e4rung informiert \u00fcber die Verwendung von Cookies auf unserer Website und wie wir sie nutzen.","robots":{"index":"index","follow":"follow","max-snippet":"max-snippet:-1","max-image-preview":"max-image-preview:large","max-video-preview":"max-video-preview:-1"},"canonical":"https:\/\/oldstcroix.com\/cookie-declaration\/","og_locale":"de_DE","og_type":"article","og_title":"Cookie-Erkl\u00e4rung - A.H. Riises Transparenz","og_description":"A.H. Riises Cookie-Erkl\u00e4rung informiert \u00fcber die Verwendung von Cookies auf unserer Website und wie wir sie nutzen.","og_url":"https:\/\/oldstcroix.com\/cookie-declaration\/","og_site_name":"Old St. Croix","article_modified_time":"2024-08-21T08:33:26+00:00","og_image":[{"url":"https:\/\/oldstcroix.com\/wp-content\/uploads\/2021\/12\/mobible_down.png","type":"","width":"","height":""}],"twitter_card":"summary_large_image","twitter_misc":{"Gesch\u00e4tzte Lesezeit":"1\u00a0Minute"},"schema":{"@context":"https:\/\/schema.org","@graph":[{"@type":"WebPage","@id":"https:\/\/oldstcroix.com\/cookie-declaration\/","url":"https:\/\/oldstcroix.com\/cookie-declaration\/","name":"Cookie-Erkl\u00e4rung - A.H. Riises Transparenz","isPartOf":{"@id":"https:\/\/oldstcroix.com\/#website"},"primaryImageOfPage":{"@id":"https:\/\/oldstcroix.com\/cookie-declaration\/#primaryimage"},"image":{"@id":"https:\/\/oldstcroix.com\/cookie-declaration\/#primaryimage"},"thumbnailUrl":"https:\/\/oldstcroix.com\/wp-content\/uploads\/2021\/12\/mobible_down.png","datePublished":"2022-02-03T09:00:31+00:00","dateModified":"2024-08-21T08:33:26+00:00","description":"A.H. Riises Cookie-Erkl\u00e4rung informiert \u00fcber die Verwendung von Cookies auf unserer Website und wie wir sie nutzen.","breadcrumb":{"@id":"https:\/\/oldstcroix.com\/cookie-declaration\/#breadcrumb"},"inLanguage":"de","potentialAction":[{"@type":"ReadAction","target":["https:\/\/oldstcroix.com\/cookie-declaration\/"]}]},{"@type":"ImageObject","inLanguage":"de","@id":"https:\/\/oldstcroix.com\/cookie-declaration\/#primaryimage","url":"https:\/\/oldstcroix.com\/wp-content\/uploads\/2021\/12\/mobible_down.png","contentUrl":"https:\/\/oldstcroix.com\/wp-content\/uploads\/2021\/12\/mobible_down.png"},{"@type":"BreadcrumbList","@id":"https:\/\/oldstcroix.com\/cookie-declaration\/#breadcrumb","itemListElement":[{"@type":"ListItem","position":1,"name":"Home","item":"https:\/\/oldstcroix.com\/"},{"@type":"ListItem","position":2,"name":"Cookie declaration"}]},{"@type":"WebSite","@id":"https:\/\/oldstcroix.com\/#website","url":"https:\/\/oldstcroix.com\/","name":"Old St. Croix","description":"History distilled","publisher":{"@id":"https:\/\/oldstcroix.com\/#organization"},"potentialAction":[{"@type":"SearchAction","target":{"@type":"EntryPoint","urlTemplate":"https:\/\/oldstcroix.com\/?s={search_term_string}"},"query-input":{"@type":"PropertyValueSpecification","valueRequired":true,"valueName":"search_term_string"}}],"inLanguage":"de"},{"@type":"Organization","@id":"https:\/\/oldstcroix.com\/#organization","name":"Old St. Croix","url":"https:\/\/oldstcroix.com\/","logo":{"@type":"ImageObject","inLanguage":"de","@id":"https:\/\/oldstcroix.com\/#\/schema\/logo\/image\/","url":"https:\/\/oldstcroix.com\/wp-content\/uploads\/2025\/06\/cropped-LOGO-1.png","contentUrl":"https:\/\/oldstcroix.com\/wp-content\/uploads\/2025\/06\/cropped-LOGO-1.png","width":251,"height":112,"caption":"Old St. Croix"},"image":{"@id":"https:\/\/oldstcroix.com\/#\/schema\/logo\/image\/"}}]}},"_links":{"self":[{"href":"https:\/\/oldstcroix.com\/de\/wp-json\/wp\/v2\/pages\/12016","targetHints":{"allow":["GET"]}}],"collection":[{"href":"https:\/\/oldstcroix.com\/de\/wp-json\/wp\/v2\/pages"}],"about":[{"href":"https:\/\/oldstcroix.com\/de\/wp-json\/wp\/v2\/types\/page"}],"author":[{"embeddable":true,"href":"https:\/\/oldstcroix.com\/de\/wp-json\/wp\/v2\/users\/1"}],"replies":[{"embeddable":true,"href":"https:\/\/oldstcroix.com\/de\/wp-json\/wp\/v2\/comments?post=12016"}],"version-history":[{"count":0,"href":"https:\/\/oldstcroix.com\/de\/wp-json\/wp\/v2\/pages\/12016\/revisions"}],"wp:attachment":[{"href":"https:\/\/oldstcroix.com\/de\/wp-json\/wp\/v2\/media?parent=12016"}],"curies":[{"name":"wp","href":"https:\/\/api.w.org\/{rel}","templated":true}]}}