{"id":31654,"date":"2025-06-04T14:49:30","date_gmt":"2025-06-04T13:49:30","guid":{"rendered":"https:\/\/oldstcroix.com\/more-info\/"},"modified":"2025-06-15T07:33:34","modified_gmt":"2025-06-15T06:33:34","slug":"more-info","status":"publish","type":"page","link":"https:\/\/oldstcroix.com\/de\/more-info\/","title":{"rendered":"More info"},"content":{"rendered":"\t\t<div data-elementor-type=\"wp-page\" data-elementor-id=\"31654\" class=\"elementor elementor-31654 elementor-30461\" data-elementor-settings=\"{&quot;ha_cmc_init_switcher&quot;:&quot;no&quot;}\" data-elementor-post-type=\"page\">\n\t\t\t\t\t\t<section class=\"elementor-section elementor-top-section elementor-element elementor-element-fa47915 elementor-section-height-min-height elementor-section-items-bottom elementor-section-boxed elementor-section-height-default\" data-id=\"fa47915\" data-element_type=\"section\" data-e-type=\"section\" data-settings=\"{&quot;background_background&quot;:&quot;classic&quot;,&quot;_ha_eqh_enable&quot;:false}\">\n\t\t\t\t\t\t\t<div class=\"elementor-background-overlay\"><\/div>\n\t\t\t\t\t\t\t<div class=\"elementor-container elementor-column-gap-default\">\n\t\t\t\t\t<div class=\"elementor-column elementor-col-50 elementor-top-column elementor-element elementor-element-6efd6533\" data-id=\"6efd6533\" data-element_type=\"column\" data-e-type=\"column\">\n\t\t\t<div class=\"elementor-widget-wrap elementor-element-populated\">\n\t\t\t\t\t\t<div class=\"elementor-element elementor-element-733fac26 animated-fast elementor-widget elementor-widget-heading\" data-id=\"733fac26\" data-element_type=\"widget\" data-e-type=\"widget\" data-settings=\"{&quot;_animation&quot;:&quot;none&quot;}\" data-widget_type=\"heading.default\">\n\t\t\t\t<div class=\"elementor-widget-container\">\n\t\t\t\t\t<h2 class=\"elementor-heading-title elementor-size-default\">A.H. Riise wird zu Old St. Croix<\/h2>\t\t\t\t<\/div>\n\t\t\t\t<\/div>\n\t\t\t\t<div class=\"elementor-element elementor-element-45dbf2ce animated-fast elementor-widget elementor-widget-text-editor\" data-id=\"45dbf2ce\" data-element_type=\"widget\" data-e-type=\"widget\" data-settings=\"{&quot;_animation&quot;:&quot;none&quot;,&quot;_animation_delay&quot;:1000}\" data-widget_type=\"text-editor.default\">\n\t\t\t\t<div class=\"elementor-widget-container\">\n\t\t\t\t\t\t\t\t\t<p>Ein historischer Name kehrt zur\u00fcck<\/p>\n\t\t\t\t\t\t\t\t<\/div>\n\t\t\t\t<\/div>\n\t\t\t\t\t<\/div>\n\t\t<\/div>\n\t\t\t\t<div class=\"elementor-column elementor-col-50 elementor-top-column elementor-element elementor-element-3ce160d6\" data-id=\"3ce160d6\" data-element_type=\"column\" data-e-type=\"column\">\n\t\t\t<div class=\"elementor-widget-wrap elementor-element-populated\">\n\t\t\t\t\t\t<div class=\"elementor-element elementor-element-27403af6 elementor-widget-mobile__width-inherit elementor-absolute elementor-hidden-desktop elementor-hidden-tablet elementor-widget elementor-widget-image\" data-id=\"27403af6\" data-element_type=\"widget\" data-e-type=\"widget\" data-settings=\"{&quot;_position&quot;:&quot;absolute&quot;}\" data-widget_type=\"image.default\">\n\t\t\t\t<div class=\"elementor-widget-container\">\n\t\t\t\t\t\t\t\t\t\t\t\t\t\t\t<img decoding=\"async\" width=\"50\" height=\"50\" src=\"https:\/\/oldstcroix.com\/wp-content\/uploads\/2025\/06\/mobible_down.png\" class=\"attachment-large size-large wp-image-31634\" alt=\"\" \/>\t\t\t\t\t\t\t\t\t\t\t\t\t\t\t<\/div>\n\t\t\t\t<\/div>\n\t\t\t\t\t<\/div>\n\t\t<\/div>\n\t\t\t\t\t<\/div>\n\t\t<\/section>\n\t\t\t\t<section class=\"elementor-section elementor-top-section elementor-element elementor-element-4b1ac20 elementor-section-boxed elementor-section-height-default elementor-section-height-default\" data-id=\"4b1ac20\" data-element_type=\"section\" data-e-type=\"section\" data-settings=\"{&quot;background_background&quot;:&quot;classic&quot;,&quot;_ha_eqh_enable&quot;:false}\">\n\t\t\t\t\t\t<div class=\"elementor-container elementor-column-gap-default\">\n\t\t\t\t\t<div class=\"elementor-column elementor-col-50 elementor-top-column elementor-element elementor-element-23fbd95f\" data-id=\"23fbd95f\" data-element_type=\"column\" data-e-type=\"column\">\n\t\t\t<div class=\"elementor-widget-wrap elementor-element-populated\">\n\t\t\t\t\t\t<div class=\"elementor-element elementor-element-44368981 elementor-invisible elementor-widget elementor-widget-heading\" data-id=\"44368981\" data-element_type=\"widget\" data-e-type=\"widget\" data-settings=\"{&quot;_animation&quot;:&quot;fadeInUp&quot;}\" data-widget_type=\"heading.default\">\n\t\t\t\t<div class=\"elementor-widget-container\">\n\t\t\t\t\t<h4 class=\"elementor-heading-title elementor-size-default\">Neuer Name<\/h4>\t\t\t\t<\/div>\n\t\t\t\t<\/div>\n\t\t\t\t<div class=\"elementor-element elementor-element-7cc879f8 elementor-widget elementor-widget-heading\" data-id=\"7cc879f8\" data-element_type=\"widget\" data-e-type=\"widget\" data-settings=\"{&quot;_animation&quot;:&quot;none&quot;,&quot;_animation_delay&quot;:200}\" data-widget_type=\"heading.default\">\n\t\t\t\t<div class=\"elementor-widget-container\">\n\t\t\t\t\t<h2 class=\"elementor-heading-title elementor-size-default\">Neues Design \u2013 gleicher toller Geschmack<\/h2>\t\t\t\t<\/div>\n\t\t\t\t<\/div>\n\t\t\t\t<div class=\"elementor-element elementor-element-248d99be elementor-widget elementor-widget-text-editor\" data-id=\"248d99be\" data-element_type=\"widget\" data-e-type=\"widget\" data-settings=\"{&quot;_animation&quot;:&quot;none&quot;,&quot;_animation_delay&quot;:400}\" data-widget_type=\"text-editor.default\">\n\t\t\t\t<div class=\"elementor-widget-container\">\n\t\t\t\t\t\t\t\t\t<p>Old St. Croix wurde bereits in den 1870er-Jahren verwendet, als Albert Heinrich Riise begann, seine westindischen Blends zu exportieren.<\/p>\n<p>Jetzt bringen wir diesen historischen Namen zur\u00fcck \u2013 st\u00e4rker denn je.<\/p>\n<p>Old St. Croix bringt uns unseren westindischen Wurzeln n\u00e4her \u2013 und ist weltweit leichter zu merken und auszusprechen. <a href=\"https:\/\/oldstcroix.com\/de\/unsere-freunde\/old-st-croix\/\">Lesen Sie hier mehr.<\/a><\/p>\n<p><strong>Probieren Sie selbst!<\/strong><br \/>\nViele H\u00e4ndler bieten Verkostungen an. Fragen Sie im Gesch\u00e4ft oder <a href=\"https:\/\/oldstcroix.com\/de\/article\/verkostung-und-mehr\/\">lesen Sie hier mehr<\/a>.<\/p>\n<p>Willkommen bei Old St. Croix \u2013 Der Geschmack der Westindischen Inseln<\/p>\n\t\t\t\t\t\t\t\t<\/div>\n\t\t\t\t<\/div>\n\t\t\t\t\t<\/div>\n\t\t<\/div>\n\t\t\t\t<div class=\"elementor-column elementor-col-50 elementor-top-column elementor-element elementor-element-60e3c86c\" data-id=\"60e3c86c\" data-element_type=\"column\" data-e-type=\"column\">\n\t\t\t<div class=\"elementor-widget-wrap elementor-element-populated\">\n\t\t\t\t\t\t<div class=\"elementor-element elementor-element-175cc43a elementor-hidden-mobile elementor-widget elementor-widget-image\" data-id=\"175cc43a\" data-element_type=\"widget\" data-e-type=\"widget\" data-widget_type=\"image.default\">\n\t\t\t\t<div class=\"elementor-widget-container\">\n\t\t\t\t\t\t\t\t\t\t\t\t\t\t\t<img fetchpriority=\"high\" decoding=\"async\" width=\"550\" height=\"800\" src=\"https:\/\/oldstcroix.com\/wp-content\/uploads\/2025\/06\/NPU_VeryRare_Glas_2025.png\" class=\"attachment-medium_large size-medium_large wp-image-31646\" alt=\"\" srcset=\"https:\/\/oldstcroix.com\/wp-content\/uploads\/2025\/06\/NPU_VeryRare_Glas_2025.png 550w, https:\/\/oldstcroix.com\/wp-content\/uploads\/2025\/06\/NPU_VeryRare_Glas_2025-206x300.png 206w\" sizes=\"(max-width: 550px) 100vw, 550px\" \/>\t\t\t\t\t\t\t\t\t\t\t\t\t\t\t<\/div>\n\t\t\t\t<\/div>\n\t\t\t\t\t<\/div>\n\t\t<\/div>\n\t\t\t\t\t<\/div>\n\t\t<\/section>\n\t\t\t\t<section class=\"elementor-section elementor-top-section elementor-element elementor-element-18bd6ac elementor-section-height-min-height elementor-section-boxed elementor-section-height-default elementor-section-items-middle\" data-id=\"18bd6ac\" data-element_type=\"section\" data-e-type=\"section\" data-settings=\"{&quot;background_background&quot;:&quot;classic&quot;,&quot;_ha_eqh_enable&quot;:false}\">\n\t\t\t\t\t\t<div class=\"elementor-container elementor-column-gap-default\">\n\t\t\t\t\t<div class=\"elementor-column elementor-col-50 elementor-top-column elementor-element elementor-element-13a108df\" data-id=\"13a108df\" data-element_type=\"column\" data-e-type=\"column\">\n\t\t\t<div class=\"elementor-widget-wrap elementor-element-populated\">\n\t\t\t\t\t\t<div class=\"elementor-element elementor-element-4da04610 elementor-widget elementor-widget-heading\" data-id=\"4da04610\" data-element_type=\"widget\" data-e-type=\"widget\" data-settings=\"{&quot;_animation&quot;:&quot;none&quot;}\" data-widget_type=\"heading.default\">\n\t\t\t\t<div class=\"elementor-widget-container\">\n\t\t\t\t\t<h4 class=\"elementor-heading-title elementor-size-default\">GEWINNE EINE EXKLUSIVE PRIVATE VERKOSTUNG<\/h4>\t\t\t\t<\/div>\n\t\t\t\t<\/div>\n\t\t\t\t<div class=\"elementor-element elementor-element-631ac7a1 animated-fast elementor-widget elementor-widget-heading\" data-id=\"631ac7a1\" data-element_type=\"widget\" data-e-type=\"widget\" data-settings=\"{&quot;_animation&quot;:&quot;none&quot;}\" data-widget_type=\"heading.default\">\n\t\t\t\t<div class=\"elementor-widget-container\">\n\t\t\t\t\t<h2 class=\"elementor-heading-title elementor-size-default\">20 kostenlose Verkostungsboxen \u2013 jeden Monat!<\/h2>\t\t\t\t<\/div>\n\t\t\t\t<\/div>\n\t\t\t\t<div class=\"elementor-element elementor-element-24a3c66b animated-fast elementor-widget elementor-widget-text-editor\" data-id=\"24a3c66b\" data-element_type=\"widget\" data-e-type=\"widget\" data-settings=\"{&quot;_animation&quot;:&quot;none&quot;}\" data-widget_type=\"text-editor.default\">\n\t\t\t\t<div class=\"elementor-widget-container\">\n\t\t\t\t\t\t\t\t\t<p>Jeden Monat laden wir 20 Rumliebhaber ein, 9 verschiedene A.H. Riise-Varianten zu probieren. Die Verkostungsbox enth\u00e4lt 9 x 2 cl Miniaturen und bietet eine einzigartige Reise durch unser Geschmacksuniversum.<\/p>\n<p>Zus\u00e4tzlich erhalten Sie einen Link zu einem kurzen Fragebogen, in dem wir Sie bitten, Ihre Geschmackserfahrung zu bewerten.<\/p>\n<p>Unter allen Teilnehmern verlosen wir zweimal j\u00e4hrlich eine exklusive private Verkostung f\u00fcr bis zu 15 Personen mit einem unserer Brand Ambassadors.<\/p>\n\t\t\t\t\t\t\t\t<\/div>\n\t\t\t\t<\/div>\n\t\t\t\t<div class=\"elementor-element elementor-element-e64c3d6 elementor-widget elementor-widget-button\" data-id=\"e64c3d6\" data-element_type=\"widget\" data-e-type=\"widget\" data-widget_type=\"button.default\">\n\t\t\t\t<div class=\"elementor-widget-container\">\n\t\t\t\t\t\t\t\t\t<div class=\"elementor-button-wrapper\">\n\t\t\t\t\t<a class=\"elementor-button elementor-button-link elementor-size-sm\" href=\"mailto:mt@ahriisespirits.com?subject=DE-Tasting%20boxes%20&#038;body=Ich%20m\u00f6chte%20gerne%20einen%20kurzen%20Fragebogen%20beantworten%20und%20an%20unserer%20Verlosung%20f\u00fcr%20eine%20Verkostungsbox%20teilnehmen.\" target=\"_blank\" mailto=\"\">\n\t\t\t\t\t\t<span class=\"elementor-button-content-wrapper\">\n\t\t\t\t\t\t\t\t\t<span class=\"elementor-button-text\">Jetzt anmelden!  <\/span>\n\t\t\t\t\t<\/span>\n\t\t\t\t\t<\/a>\n\t\t\t\t<\/div>\n\t\t\t\t\t\t\t\t<\/div>\n\t\t\t\t<\/div>\n\t\t\t\t\t<\/div>\n\t\t<\/div>\n\t\t\t\t<div class=\"elementor-column elementor-col-50 elementor-top-column elementor-element elementor-element-35071f2e elementor-hidden-mobile\" data-id=\"35071f2e\" data-element_type=\"column\" data-e-type=\"column\">\n\t\t\t<div class=\"elementor-widget-wrap elementor-element-populated\">\n\t\t\t\t\t\t<div class=\"elementor-element elementor-element-18b2e59a elementor-widget elementor-widget-video\" data-id=\"18b2e59a\" data-element_type=\"widget\" data-e-type=\"widget\" data-settings=\"{&quot;youtube_url&quot;:&quot;https:\\\/\\\/youtube.com\\\/shorts\\\/8sBnWKREqSM?feature=share&quot;,&quot;video_type&quot;:&quot;youtube&quot;,&quot;controls&quot;:&quot;yes&quot;}\" data-widget_type=\"video.default\">\n\t\t\t\t<div class=\"elementor-widget-container\">\n\t\t\t\t\t\t\t<div class=\"elementor-wrapper elementor-open-inline\">\n\t\t\t<div class=\"elementor-video\"><\/div>\t\t<\/div>\n\t\t\t\t\t\t<\/div>\n\t\t\t\t<\/div>\n\t\t\t\t\t<\/div>\n\t\t<\/div>\n\t\t\t\t\t<\/div>\n\t\t<\/section>\n\t\t\t\t<section class=\"elementor-section elementor-top-section elementor-element elementor-element-89c9012 elementor-section-boxed elementor-section-height-default elementor-section-height-default\" data-id=\"89c9012\" data-element_type=\"section\" data-e-type=\"section\" data-settings=\"{&quot;background_background&quot;:&quot;classic&quot;,&quot;_ha_eqh_enable&quot;:false}\">\n\t\t\t\t\t\t<div class=\"elementor-container elementor-column-gap-default\">\n\t\t\t\t\t<div class=\"elementor-column elementor-col-100 elementor-top-column elementor-element elementor-element-659f228\" data-id=\"659f228\" data-element_type=\"column\" data-e-type=\"column\">\n\t\t\t<div class=\"elementor-widget-wrap elementor-element-populated\">\n\t\t\t\t\t\t<div class=\"elementor-element elementor-element-3ef5aef elementor-widget elementor-widget-shortcode\" data-id=\"3ef5aef\" data-element_type=\"widget\" data-e-type=\"widget\" data-widget_type=\"shortcode.default\">\n\t\t\t\t<div class=\"elementor-widget-container\">\n\t\t\t\t\t\t\t<div class=\"elementor-shortcode\">\t\t<div class=\"main-dv\">\n\t\t\t\t\t\t\t<div class=\"ct_first_post\">\n\t\t\t\t\t\t\t<div class=\"blog-left\">\n\t\t\t\t\t\t\t\t<a href=\"https:\/\/oldstcroix.com\/de\/article\/zeit-holz-und-die-seele-im-glas\/\">\n\t\t\t\t\t\t\t\t\t<div class=\"blog-content\" style=\"background-image:url('https:\/\/oldstcroix.com\/wp-content\/uploads\/2026\/04\/KlosterQuizTop_Desktop.jpg')\">\n\t\t\t\t\t\t\t\t\t\t<p class=\"blog-cat-name\">Quiz<\/p>\n\t\t\t\t\t\t\t\t\t\t<h1>Quiz: XO &#8211; Zeit, Holz und die Seele im Glas<\/h1>\n\t\t\t\t\t\t\t\t\t\t<p class=\"blog-excerpt\">\n\t\t\t\t\t\t\t\t\t\tWie viel wei\u00dft du \u00fcber XO Reserve? Teste dein Wissen \u00fcber \u201eXO\u201c und erhalte die Chance, Old St. Croix XO Legacy Reserve zu gewinnen!<\/p>\n\t\t\t\t\t\t\t\t\t<\/div>\n\t\t\t\t\t\t\t\t<\/a>\n\t\t\t\t\t\t\t<\/div>\t\n\t\t\t\t\t\t<\/div>\n\t\t\t\t\t\t\t\t\t\t\n\t\t\t\t\t\t\t\t\t\t\t\t<div class=\"ct_second_post\">\n\t\t\t\t\t\t\t\n\t\t\t\t\t\t<div class=\"blog-right\">\n\t\t\t\t\t\t\t\t<a href=\"https:\/\/oldstcroix.com\/de\/article\/kommen-sie-in-osterstimmung-mit-old-st-croix\/\">\n\t\t\t\t\t\t\t\t\t<div class=\"blog-content\" style=\"background-image:url('https:\/\/oldstcroix.com\/wp-content\/uploads\/2025\/04\/paaske2026_top_desktop.jpg')\">\n\t\t\t\t\t\t\t\t\t\t<p class=\"blog-cat-name\">Produkte<\/p>\n\t\t\t\t\t\t\t\t\t\t<h1>Kommen Sie in Osterstimmung mit Old St. Croix<\/h1>\n\t\t\t\t\t\t\t\t\t\t<p class=\"blog-excerpt\">\n\t\t\t\t\t\t\t\t\t\tOstern steht vor der T\u00fcr, und es ist Zeit, den Fr\u00fchling mit Familie und Freunden zu genie\u00dfen!<\/p>\n\t\t\t\t\t\t\t\t\t<\/div>\n\t\t\t\t\t\t\t\t<\/a>\n\t\t\t\t\t\t<\/div>\n\t\t\t\t\t\t\n\t\t\t\t\t\t<div class=\"blog-right\">\n\t\t\t\t\t\t\t\t<a href=\"https:\/\/oldstcroix.com\/de\/article\/ueberrasche-mit-einem-einzigartigen-valentinstagsgeschenk\/\">\n\t\t\t\t\t\t\t\t\t<div class=\"blog-content\" style=\"background-image:url('https:\/\/oldstcroix.com\/wp-content\/uploads\/2026\/01\/Lovemore_web_DESKTOP_TOP_2026.jpg')\">\n\t\t\t\t\t\t\t\t\t\t<p class=\"blog-cat-name\">Produkte<\/p>\n\t\t\t\t\t\t\t\t\t\t<h1>\u00dcberrasche mit einem einzigartigen Valentinstagsgeschenk<\/h1>\n\t\t\t\t\t\t\t\t\t\t<p class=\"blog-excerpt\">\n\t\t\t\t\t\t\t\t\t\tValentinstag steht vor der T\u00fcr, und was gibt es Besseres, als jemanden, den Sie lieben, mit einem Geschenk der besonderen Art zu verw\u00f6hnen? <\/p>\n\t\t\t\t\t\t\t\t\t<\/div>\n\t\t\t\t\t\t\t\t<\/a>\n\t\t\t\t\t\t<\/div>\n\t\t\t\t\t\t\t\t\t\t\t\t<\/div>\n\t\t\t\t\t\t\t\n\t<\/div>\n\t<\/div>\n\t\t\t\t\t\t<\/div>\n\t\t\t\t<\/div>\n\t\t\t\t\t<\/div>\n\t\t<\/div>\n\t\t\t\t\t<\/div>\n\t\t<\/section>\n\t\t\t\t<\/div>\n\t\t","protected":false},"excerpt":{"rendered":"<p>A.H. Riise wird zu Old St. Croix Ein historischer Name kehrt zur\u00fcck Neuer Name Neues Design \u2013 gleicher toller Geschmack Old St. Croix wurde bereits in den 1870er-Jahren verwendet, als Albert Heinrich Riise begann, seine westindischen Blends zu exportieren. Jetzt bringen wir diesen historischen Namen zur\u00fcck \u2013 st\u00e4rker denn je. Old St. Croix bringt uns [&hellip;]<\/p>\n","protected":false},"author":65,"featured_media":0,"parent":0,"menu_order":0,"comment_status":"closed","ping_status":"closed","template":"","meta":{"_acf_changed":false,"footnotes":""},"class_list":["post-31654","page","type-page","status-publish","hentry"],"acf":[],"yoast_head":"<!-- This site is optimized with the Yoast SEO plugin v27.2 - https:\/\/yoast.com\/product\/yoast-seo-wordpress\/ -->\n<title>More info - Old St. Croix<\/title>\n<meta name=\"robots\" content=\"index, follow, max-snippet:-1, max-image-preview:large, max-video-preview:-1\" \/>\n<link rel=\"canonical\" href=\"https:\/\/oldstcroix.com\/moreinfo\/\" \/>\n<meta property=\"og:locale\" content=\"de_DE\" \/>\n<meta property=\"og:type\" content=\"article\" \/>\n<meta property=\"og:title\" content=\"More info - Old St. Croix\" \/>\n<meta property=\"og:description\" content=\"A.H. Riise wird zu Old St. Croix Ein historischer Name kehrt zur\u00fcck Neuer Name Neues Design \u2013 gleicher toller Geschmack Old St. Croix wurde bereits in den 1870er-Jahren verwendet, als Albert Heinrich Riise begann, seine westindischen Blends zu exportieren. Jetzt bringen wir diesen historischen Namen zur\u00fcck \u2013 st\u00e4rker denn je. Old St. Croix bringt uns [&hellip;]\" \/>\n<meta property=\"og:url\" content=\"https:\/\/oldstcroix.com\/moreinfo\/\" \/>\n<meta property=\"og:site_name\" content=\"Old St. Croix\" \/>\n<meta property=\"article:modified_time\" content=\"2025-06-15T06:33:34+00:00\" \/>\n<meta property=\"og:image\" content=\"https:\/\/oldstcroix.com\/wp-content\/uploads\/2025\/06\/mobible_down.png\" \/>\n\t<meta property=\"og:image:width\" content=\"50\" \/>\n\t<meta property=\"og:image:height\" content=\"50\" \/>\n\t<meta property=\"og:image:type\" content=\"image\/png\" \/>\n<meta name=\"twitter:card\" content=\"summary_large_image\" \/>\n<meta name=\"twitter:label1\" content=\"Gesch\u00e4tzte Lesezeit\" \/>\n\t<meta name=\"twitter:data1\" content=\"1\u00a0Minute\" \/>\n<script type=\"application\/ld+json\" class=\"yoast-schema-graph\">{\"@context\":\"https:\/\/schema.org\",\"@graph\":[{\"@type\":\"WebPage\",\"@id\":\"https:\/\/oldstcroix.com\/moreinfo\/\",\"url\":\"https:\/\/oldstcroix.com\/moreinfo\/\",\"name\":\"More info - Old St. Croix\",\"isPartOf\":{\"@id\":\"https:\/\/oldstcroix.com\/#website\"},\"primaryImageOfPage\":{\"@id\":\"https:\/\/oldstcroix.com\/moreinfo\/#primaryimage\"},\"image\":{\"@id\":\"https:\/\/oldstcroix.com\/moreinfo\/#primaryimage\"},\"thumbnailUrl\":\"https:\/\/oldstcroix.com\/wp-content\/uploads\/2025\/06\/mobible_down.png\",\"datePublished\":\"2025-06-04T13:49:30+00:00\",\"dateModified\":\"2025-06-15T06:33:34+00:00\",\"breadcrumb\":{\"@id\":\"https:\/\/oldstcroix.com\/moreinfo\/#breadcrumb\"},\"inLanguage\":\"de\",\"potentialAction\":[{\"@type\":\"ReadAction\",\"target\":[\"https:\/\/oldstcroix.com\/moreinfo\/\"]}]},{\"@type\":\"ImageObject\",\"inLanguage\":\"de\",\"@id\":\"https:\/\/oldstcroix.com\/moreinfo\/#primaryimage\",\"url\":\"https:\/\/oldstcroix.com\/wp-content\/uploads\/2025\/06\/mobible_down.png\",\"contentUrl\":\"https:\/\/oldstcroix.com\/wp-content\/uploads\/2025\/06\/mobible_down.png\"},{\"@type\":\"BreadcrumbList\",\"@id\":\"https:\/\/oldstcroix.com\/moreinfo\/#breadcrumb\",\"itemListElement\":[{\"@type\":\"ListItem\",\"position\":1,\"name\":\"Home\",\"item\":\"https:\/\/oldstcroix.com\/\"},{\"@type\":\"ListItem\",\"position\":2,\"name\":\"More info\"}]},{\"@type\":\"WebSite\",\"@id\":\"https:\/\/oldstcroix.com\/#website\",\"url\":\"https:\/\/oldstcroix.com\/\",\"name\":\"Old St. Croix\",\"description\":\"History distilled\",\"publisher\":{\"@id\":\"https:\/\/oldstcroix.com\/#organization\"},\"potentialAction\":[{\"@type\":\"SearchAction\",\"target\":{\"@type\":\"EntryPoint\",\"urlTemplate\":\"https:\/\/oldstcroix.com\/?s={search_term_string}\"},\"query-input\":{\"@type\":\"PropertyValueSpecification\",\"valueRequired\":true,\"valueName\":\"search_term_string\"}}],\"inLanguage\":\"de\"},{\"@type\":\"Organization\",\"@id\":\"https:\/\/oldstcroix.com\/#organization\",\"name\":\"Old St. Croix\",\"url\":\"https:\/\/oldstcroix.com\/\",\"logo\":{\"@type\":\"ImageObject\",\"inLanguage\":\"de\",\"@id\":\"https:\/\/oldstcroix.com\/#\/schema\/logo\/image\/\",\"url\":\"https:\/\/oldstcroix.com\/wp-content\/uploads\/2025\/06\/cropped-LOGO-1.png\",\"contentUrl\":\"https:\/\/oldstcroix.com\/wp-content\/uploads\/2025\/06\/cropped-LOGO-1.png\",\"width\":251,\"height\":112,\"caption\":\"Old St. Croix\"},\"image\":{\"@id\":\"https:\/\/oldstcroix.com\/#\/schema\/logo\/image\/\"}}]}<\/script>\n<!-- \/ Yoast SEO plugin. -->","yoast_head_json":{"title":"More info - Old St. Croix","robots":{"index":"index","follow":"follow","max-snippet":"max-snippet:-1","max-image-preview":"max-image-preview:large","max-video-preview":"max-video-preview:-1"},"canonical":"https:\/\/oldstcroix.com\/moreinfo\/","og_locale":"de_DE","og_type":"article","og_title":"More info - Old St. Croix","og_description":"A.H. Riise wird zu Old St. Croix Ein historischer Name kehrt zur\u00fcck Neuer Name Neues Design \u2013 gleicher toller Geschmack Old St. Croix wurde bereits in den 1870er-Jahren verwendet, als Albert Heinrich Riise begann, seine westindischen Blends zu exportieren. Jetzt bringen wir diesen historischen Namen zur\u00fcck \u2013 st\u00e4rker denn je. Old St. Croix bringt uns [&hellip;]","og_url":"https:\/\/oldstcroix.com\/moreinfo\/","og_site_name":"Old St. Croix","article_modified_time":"2025-06-15T06:33:34+00:00","og_image":[{"width":50,"height":50,"url":"https:\/\/oldstcroix.com\/wp-content\/uploads\/2025\/06\/mobible_down.png","type":"image\/png"}],"twitter_card":"summary_large_image","twitter_misc":{"Gesch\u00e4tzte Lesezeit":"1\u00a0Minute"},"schema":{"@context":"https:\/\/schema.org","@graph":[{"@type":"WebPage","@id":"https:\/\/oldstcroix.com\/moreinfo\/","url":"https:\/\/oldstcroix.com\/moreinfo\/","name":"More info - Old St. Croix","isPartOf":{"@id":"https:\/\/oldstcroix.com\/#website"},"primaryImageOfPage":{"@id":"https:\/\/oldstcroix.com\/moreinfo\/#primaryimage"},"image":{"@id":"https:\/\/oldstcroix.com\/moreinfo\/#primaryimage"},"thumbnailUrl":"https:\/\/oldstcroix.com\/wp-content\/uploads\/2025\/06\/mobible_down.png","datePublished":"2025-06-04T13:49:30+00:00","dateModified":"2025-06-15T06:33:34+00:00","breadcrumb":{"@id":"https:\/\/oldstcroix.com\/moreinfo\/#breadcrumb"},"inLanguage":"de","potentialAction":[{"@type":"ReadAction","target":["https:\/\/oldstcroix.com\/moreinfo\/"]}]},{"@type":"ImageObject","inLanguage":"de","@id":"https:\/\/oldstcroix.com\/moreinfo\/#primaryimage","url":"https:\/\/oldstcroix.com\/wp-content\/uploads\/2025\/06\/mobible_down.png","contentUrl":"https:\/\/oldstcroix.com\/wp-content\/uploads\/2025\/06\/mobible_down.png"},{"@type":"BreadcrumbList","@id":"https:\/\/oldstcroix.com\/moreinfo\/#breadcrumb","itemListElement":[{"@type":"ListItem","position":1,"name":"Home","item":"https:\/\/oldstcroix.com\/"},{"@type":"ListItem","position":2,"name":"More info"}]},{"@type":"WebSite","@id":"https:\/\/oldstcroix.com\/#website","url":"https:\/\/oldstcroix.com\/","name":"Old St. Croix","description":"History distilled","publisher":{"@id":"https:\/\/oldstcroix.com\/#organization"},"potentialAction":[{"@type":"SearchAction","target":{"@type":"EntryPoint","urlTemplate":"https:\/\/oldstcroix.com\/?s={search_term_string}"},"query-input":{"@type":"PropertyValueSpecification","valueRequired":true,"valueName":"search_term_string"}}],"inLanguage":"de"},{"@type":"Organization","@id":"https:\/\/oldstcroix.com\/#organization","name":"Old St. Croix","url":"https:\/\/oldstcroix.com\/","logo":{"@type":"ImageObject","inLanguage":"de","@id":"https:\/\/oldstcroix.com\/#\/schema\/logo\/image\/","url":"https:\/\/oldstcroix.com\/wp-content\/uploads\/2025\/06\/cropped-LOGO-1.png","contentUrl":"https:\/\/oldstcroix.com\/wp-content\/uploads\/2025\/06\/cropped-LOGO-1.png","width":251,"height":112,"caption":"Old St. Croix"},"image":{"@id":"https:\/\/oldstcroix.com\/#\/schema\/logo\/image\/"}}]}},"_links":{"self":[{"href":"https:\/\/oldstcroix.com\/de\/wp-json\/wp\/v2\/pages\/31654","targetHints":{"allow":["GET"]}}],"collection":[{"href":"https:\/\/oldstcroix.com\/de\/wp-json\/wp\/v2\/pages"}],"about":[{"href":"https:\/\/oldstcroix.com\/de\/wp-json\/wp\/v2\/types\/page"}],"author":[{"embeddable":true,"href":"https:\/\/oldstcroix.com\/de\/wp-json\/wp\/v2\/users\/65"}],"replies":[{"embeddable":true,"href":"https:\/\/oldstcroix.com\/de\/wp-json\/wp\/v2\/comments?post=31654"}],"version-history":[{"count":0,"href":"https:\/\/oldstcroix.com\/de\/wp-json\/wp\/v2\/pages\/31654\/revisions"}],"wp:attachment":[{"href":"https:\/\/oldstcroix.com\/de\/wp-json\/wp\/v2\/media?parent=31654"}],"curies":[{"name":"wp","href":"https:\/\/api.w.org\/{rel}","templated":true}]}}