{"id":36746,"date":"2026-03-24T10:44:54","date_gmt":"2026-03-24T09:44:54","guid":{"rendered":"https:\/\/oldstcroix.com\/find-a-reseller\/"},"modified":"2026-03-24T12:29:33","modified_gmt":"2026-03-24T11:29:33","slug":"find-a-reseller","status":"publish","type":"page","link":"https:\/\/oldstcroix.com\/fr\/find-a-reseller\/","title":{"rendered":"Find a Reseller"},"content":{"rendered":"\t\t<div data-elementor-type=\"wp-page\" data-elementor-id=\"36746\" class=\"elementor elementor-36746 elementor-1044\" data-elementor-settings=\"{&quot;ha_cmc_init_switcher&quot;:&quot;no&quot;}\" data-elementor-post-type=\"page\">\n\t\t\t\t\t\t<section class=\"elementor-section elementor-top-section elementor-element elementor-element-0727314 elementor-section-full_width elementor-section-height-min-height elementor-section-items-stretch elementor-section-height-default\" data-id=\"0727314\" data-element_type=\"section\" data-e-type=\"section\" data-settings=\"{&quot;_ha_eqh_enable&quot;:false}\">\n\t\t\t\t\t\t<div class=\"elementor-container elementor-column-gap-default\">\n\t\t\t\t\t<div class=\"elementor-column elementor-col-100 elementor-top-column elementor-element elementor-element-f3d6edc\" data-id=\"f3d6edc\" data-element_type=\"column\" data-e-type=\"column\">\n\t\t\t<div class=\"elementor-widget-wrap elementor-element-populated\">\n\t\t\t\t\t\t<div class=\"elementor-element elementor-element-4e0a3bd elementor-widget elementor-widget-html\" data-id=\"4e0a3bd\" data-element_type=\"widget\" data-e-type=\"widget\" data-widget_type=\"html.default\">\n\t\t\t\t<div class=\"elementor-widget-container\">\n\t\t\t\t\t<div id=\"resslers-map\"><\/div>\r\n\t\t\t\t<\/div>\n\t\t\t\t<\/div>\n\t\t\t\t\t<\/div>\n\t\t<\/div>\n\t\t\t\t\t<\/div>\n\t\t<\/section>\n\t\t\t\t<section class=\"elementor-section elementor-top-section elementor-element elementor-element-ffbf019 elementor-section-height-min-height elementor-section-boxed elementor-section-height-default elementor-section-items-middle\" data-id=\"ffbf019\" data-element_type=\"section\" data-e-type=\"section\" data-settings=\"{&quot;background_background&quot;:&quot;classic&quot;,&quot;_ha_eqh_enable&quot;:false}\">\n\t\t\t\t\t\t<div class=\"elementor-container elementor-column-gap-default\">\n\t\t\t\t\t<div class=\"elementor-column elementor-col-100 elementor-top-column elementor-element elementor-element-4e305a4\" data-id=\"4e305a4\" data-element_type=\"column\" data-e-type=\"column\">\n\t\t\t<div class=\"elementor-widget-wrap elementor-element-populated\">\n\t\t\t\t\t\t<div class=\"elementor-element elementor-element-5b0e99d elementor-widget elementor-widget-html\" data-id=\"5b0e99d\" data-element_type=\"widget\" data-e-type=\"widget\" data-widget_type=\"html.default\">\n\t\t\t\t<div class=\"elementor-widget-container\">\n\t\t\t\t\t<div class=\"addition-filter\">\r\n    \r\n        <form class=\"elementor-form\" method=\"post\" id=\"ressler_filter\" name=\"New Form\">\r\n    <div class=\"elementor-field-type-checkbox elementor-field-group elementor-column elementor-field-group-online elementor-col-100\">\r\n        <span class=\"show\">Afficher:<\/span>\r\n        <label for=\"form-field-online\" class=\"elementor-field-label elementor-screen-only\">  Afficher:<\/label>\r\n        <div class=\"elementor-field-subgroup  elementor-subgroup-inline\">\r\n            <span class=\"elementor-field-option\">\r\n                <input type=\"checkbox\" value=\"online\" id=\"form-field-online-0\" name=\"form_fields[online][]\">\r\n                <label for=\"form-field-online-0\">Boutiques en ligne<\/label><\/span><span class=\"elementor-field-option\">\r\n                <input type=\"checkbox\" value=\"offline\" id=\"form-field-online-1\" name=\"form_fields[online][]\">\r\n                <label for=\"form-field-online-1\">Magasins<\/label><\/span><span class=\"elementor-field-option\">\r\n                <input type=\"checkbox\" value=\"restaurant\" id=\"form-field-online-2\" name=\"form_fields[online][]\">\r\n                <label for=\"form-field-online-2\">Restaurants\/bars<\/label>\r\n                <input type=\"hidden\" name=\"country\" id=\"country\" >\r\n            <\/span>\r\n        <\/div>\r\n    <\/div>\r\n<\/form>\r\n<form class=\"elementor-form\" method=\"post\" id=\"ser_ress_form\" name=\"searh resseler form\">\r\n    <div class=\"elementor-form-fields-wrapper elementor-labels-above\">\r\n        <div  class=\"elementor-field-type-text elementor-field-group elementor-column elementor-field-group-ressname elementor-col-80\">\r\n            <input size=\"1\" type=\"text\" name=\"form_fields[ressname]\" id=\"form-field-ressname\" class=\"elementor-field elementor-size-xs  elementor-field-textual\" placeholder=\"Rechercher un revendeur\">\r\n        <\/div>\r\n        <div class=\"elementor-field-group elementor-column elementor-field-type-submit elementor-col-20 e-form__buttons\">\r\n            <button type=\"submit\" class=\"elementor-button elementor-size-xs\" id=\"b-search-ress-form\"> <span>\r\n                    <span class=\"elementor-align-icon-left elementor-button-icon\">\r\n                        <i aria-hidden=\"true\" class=\"fas fa-search\"><\/i> <span\r\n                            class=\"elementor-screen-only\">Submit<\/span>\r\n                    <\/span>\r\n                <\/span>\r\n            <\/button>\r\n        <\/div>\r\n    <\/div>\r\n<\/form>\r\n\r\n        \r\n        <p>  Triez les informations des revendeurs en cliquant sur \u00ab Nom du revendeur \u00bb, \u00ab Adresse \u00bb, \u00ab Ville \u00bb ou \u00ab Pays \u00bb. La fl\u00e8che dans la colonne indique selon quel crit\u00e8re la liste des revendeurs est tri\u00e9e. Cliquez sur la fl\u00e8che de tri pour inverser l\u2019ordre.<\/p>\r\n    <\/div>\r\n\t<div id=\"find-reseller-posts\">\r\n\t\t<div class=\"ecs-posts\">\r\n\t\t    <div id=\"resellersContainer\">\r\n    <div class=\"before-load-resellers\">\r\n        <span><\/span>\r\n    <\/div>\r\n<\/div>\r\n\t\t<\/div>\r\n\t<\/div>\t\t\t\t<\/div>\n\t\t\t\t<\/div>\n\t\t\t\t\t<\/div>\n\t\t<\/div>\n\t\t\t\t\t<\/div>\n\t\t<\/section>\n\t\t\t\t<\/div>\n\t\t","protected":false},"excerpt":{"rendered":"<p>Afficher: Afficher: Boutiques en ligne Magasins Restaurants\/bars Submit Triez les informations des revendeurs en cliquant sur \u00ab Nom du revendeur \u00bb, \u00ab Adresse \u00bb, \u00ab Ville \u00bb ou \u00ab Pays \u00bb. La fl\u00e8che dans la colonne indique selon quel crit\u00e8re la liste des revendeurs est tri\u00e9e. Cliquez sur la fl\u00e8che de tri pour inverser l\u2019ordre.<\/p>\n","protected":false},"author":1,"featured_media":0,"parent":0,"menu_order":62,"comment_status":"closed","ping_status":"closed","template":"elementor_header_footer","meta":{"_acf_changed":false,"footnotes":""},"class_list":["post-36746","page","type-page","status-publish","hentry"],"acf":[],"yoast_head":"<!-- This site is optimized with the Yoast SEO plugin v27.2 - https:\/\/yoast.com\/product\/yoast-seo-wordpress\/ -->\n<title>Find a reseller - Locate your nearest A.H. Riise reseller<\/title>\n<meta name=\"description\" content=\"Looking to savour A.H. Riise&#039;s exquisite blends? Use our convenient reseller locator to find your closest reseller.\" \/>\n<meta name=\"robots\" content=\"index, follow, max-snippet:-1, max-image-preview:large, max-video-preview:-1\" \/>\n<link rel=\"canonical\" href=\"https:\/\/oldstcroix.com\/find-a-reseller\/\" \/>\n<meta property=\"og:locale\" content=\"fr_FR\" \/>\n<meta property=\"og:type\" content=\"article\" \/>\n<meta property=\"og:title\" content=\"Find a reseller - Locate your nearest A.H. Riise reseller\" \/>\n<meta property=\"og:description\" content=\"Looking to savour A.H. Riise&#039;s exquisite blends? Use our convenient reseller locator to find your closest reseller.\" \/>\n<meta property=\"og:url\" content=\"https:\/\/oldstcroix.com\/find-a-reseller\/\" \/>\n<meta property=\"og:site_name\" content=\"Old St. Croix\" \/>\n<meta property=\"article:modified_time\" content=\"2026-03-24T11:29:33+00:00\" \/>\n<meta name=\"twitter:card\" content=\"summary_large_image\" \/>\n<script type=\"application\/ld+json\" class=\"yoast-schema-graph\">{\"@context\":\"https:\/\/schema.org\",\"@graph\":[{\"@type\":\"WebPage\",\"@id\":\"https:\/\/oldstcroix.com\/find-a-reseller\/\",\"url\":\"https:\/\/oldstcroix.com\/find-a-reseller\/\",\"name\":\"Find a reseller - Locate your nearest A.H. Riise reseller\",\"isPartOf\":{\"@id\":\"https:\/\/oldstcroix.com\/#website\"},\"datePublished\":\"2026-03-24T09:44:54+00:00\",\"dateModified\":\"2026-03-24T11:29:33+00:00\",\"description\":\"Looking to savour A.H. Riise's exquisite blends? Use our convenient reseller locator to find your closest reseller.\",\"breadcrumb\":{\"@id\":\"https:\/\/oldstcroix.com\/find-a-reseller\/#breadcrumb\"},\"inLanguage\":\"fr-FR\",\"potentialAction\":[{\"@type\":\"ReadAction\",\"target\":[\"https:\/\/oldstcroix.com\/find-a-reseller\/\"]}]},{\"@type\":\"BreadcrumbList\",\"@id\":\"https:\/\/oldstcroix.com\/find-a-reseller\/#breadcrumb\",\"itemListElement\":[{\"@type\":\"ListItem\",\"position\":1,\"name\":\"Home\",\"item\":\"https:\/\/oldstcroix.com\/fr\/\"},{\"@type\":\"ListItem\",\"position\":2,\"name\":\"Find a Reseller\"}]},{\"@type\":\"WebSite\",\"@id\":\"https:\/\/oldstcroix.com\/#website\",\"url\":\"https:\/\/oldstcroix.com\/\",\"name\":\"Old St. Croix\",\"description\":\"History distilled\",\"potentialAction\":[{\"@type\":\"SearchAction\",\"target\":{\"@type\":\"EntryPoint\",\"urlTemplate\":\"https:\/\/oldstcroix.com\/?s={search_term_string}\"},\"query-input\":{\"@type\":\"PropertyValueSpecification\",\"valueRequired\":true,\"valueName\":\"search_term_string\"}}],\"inLanguage\":\"fr-FR\"}]}<\/script>\n<!-- \/ Yoast SEO plugin. -->","yoast_head_json":{"title":"Find a reseller - Locate your nearest A.H. Riise reseller","description":"Looking to savour A.H. Riise's exquisite blends? Use our convenient reseller locator to find your closest reseller.","robots":{"index":"index","follow":"follow","max-snippet":"max-snippet:-1","max-image-preview":"max-image-preview:large","max-video-preview":"max-video-preview:-1"},"canonical":"https:\/\/oldstcroix.com\/find-a-reseller\/","og_locale":"fr_FR","og_type":"article","og_title":"Find a reseller - Locate your nearest A.H. Riise reseller","og_description":"Looking to savour A.H. Riise's exquisite blends? Use our convenient reseller locator to find your closest reseller.","og_url":"https:\/\/oldstcroix.com\/find-a-reseller\/","og_site_name":"Old St. Croix","article_modified_time":"2026-03-24T11:29:33+00:00","twitter_card":"summary_large_image","schema":{"@context":"https:\/\/schema.org","@graph":[{"@type":"WebPage","@id":"https:\/\/oldstcroix.com\/find-a-reseller\/","url":"https:\/\/oldstcroix.com\/find-a-reseller\/","name":"Find a reseller - Locate your nearest A.H. Riise reseller","isPartOf":{"@id":"https:\/\/oldstcroix.com\/#website"},"datePublished":"2026-03-24T09:44:54+00:00","dateModified":"2026-03-24T11:29:33+00:00","description":"Looking to savour A.H. Riise's exquisite blends? Use our convenient reseller locator to find your closest reseller.","breadcrumb":{"@id":"https:\/\/oldstcroix.com\/find-a-reseller\/#breadcrumb"},"inLanguage":"fr-FR","potentialAction":[{"@type":"ReadAction","target":["https:\/\/oldstcroix.com\/find-a-reseller\/"]}]},{"@type":"BreadcrumbList","@id":"https:\/\/oldstcroix.com\/find-a-reseller\/#breadcrumb","itemListElement":[{"@type":"ListItem","position":1,"name":"Home","item":"https:\/\/oldstcroix.com\/fr\/"},{"@type":"ListItem","position":2,"name":"Find a Reseller"}]},{"@type":"WebSite","@id":"https:\/\/oldstcroix.com\/#website","url":"https:\/\/oldstcroix.com\/","name":"Old St. Croix","description":"History distilled","potentialAction":[{"@type":"SearchAction","target":{"@type":"EntryPoint","urlTemplate":"https:\/\/oldstcroix.com\/?s={search_term_string}"},"query-input":{"@type":"PropertyValueSpecification","valueRequired":true,"valueName":"search_term_string"}}],"inLanguage":"fr-FR"}]}},"_links":{"self":[{"href":"https:\/\/oldstcroix.com\/fr\/wp-json\/wp\/v2\/pages\/36746","targetHints":{"allow":["GET"]}}],"collection":[{"href":"https:\/\/oldstcroix.com\/fr\/wp-json\/wp\/v2\/pages"}],"about":[{"href":"https:\/\/oldstcroix.com\/fr\/wp-json\/wp\/v2\/types\/page"}],"author":[{"embeddable":true,"href":"https:\/\/oldstcroix.com\/fr\/wp-json\/wp\/v2\/users\/1"}],"replies":[{"embeddable":true,"href":"https:\/\/oldstcroix.com\/fr\/wp-json\/wp\/v2\/comments?post=36746"}],"version-history":[{"count":0,"href":"https:\/\/oldstcroix.com\/fr\/wp-json\/wp\/v2\/pages\/36746\/revisions"}],"wp:attachment":[{"href":"https:\/\/oldstcroix.com\/fr\/wp-json\/wp\/v2\/media?parent=36746"}],"curies":[{"name":"wp","href":"https:\/\/api.w.org\/{rel}","templated":true}]}}